{"id":12736,"date":"2022-02-11T13:50:53","date_gmt":"2022-02-11T13:50:53","guid":{"rendered":"https:\/\/sentinelnew.advisornet.org\/ouvrir-la-voie\/"},"modified":"2023-08-04T17:07:36","modified_gmt":"2023-08-04T17:07:36","slug":"ouvrir-la-voie","status":"publish","type":"page","link":"https:\/\/sentinelgroup.ca\/fr\/ouvrir-la-voie\/","title":{"rendered":"Ouvrir la voie"},"content":{"rendered":"<div data-elementor-type=\"wp-page\" data-elementor-id=\"12736\" class=\"elementor elementor-12736 elementor-3777\" data-elementor-post-type=\"page\">\n\t\t\t\t\t\t<section class=\"elementor-section elementor-top-section elementor-element elementor-element-9150040 elementor-section-full_width elementor-section-height-default elementor-section-height-default\" data-id=\"9150040\" data-element_type=\"section\" data-settings='{\"background_background\":\"classic\"}'>\n\t\t\t\t\t\t\t<div class=\"elementor-background-overlay\"><\/div>\n\t\t\t\t\t\t\t<div class=\"elementor-container elementor-column-gap-default\">\n\t\t\t\t\t<div class=\"elementor-column elementor-col-100 elementor-top-column elementor-element elementor-element-6791ebf\" data-id=\"6791ebf\" data-element_type=\"column\">\n\t\t\t<div class=\"elementor-widget-wrap elementor-element-populated\">\n\t\t\t\t\t\t<div class=\"elementor-element elementor-element-241875a elementor-widget elementor-widget-heading\" data-id=\"241875a\" data-element_type=\"widget\" data-widget_type=\"heading.default\">\n\t\t\t\t<div class=\"elementor-widget-container\">\n\t\t\t<h1 class=\"elementor-heading-title elementor-size-default\">Ouvrir la voie<\/h1>\t\t<\/div>\n\t\t\t\t<\/div>\n\t\t\t\t\t<\/div>\n\t\t<\/div>\n\t\t\t\t\t<\/div>\n\t\t<\/section>\n\t\t\t\t<section class=\"elementor-section elementor-top-section elementor-element elementor-element-b23695e elementor-section-boxed elementor-section-height-default elementor-section-height-default\" data-id=\"b23695e\" data-element_type=\"section\" data-settings='{\"background_background\":\"classic\"}'>\n\t\t\t\t\t\t<div class=\"elementor-container elementor-column-gap-default\">\n\t\t\t\t\t<div class=\"elementor-column elementor-col-25 elementor-top-column elementor-element elementor-element-c9641bb\" data-id=\"c9641bb\" data-element_type=\"column\">\n\t\t\t<div class=\"elementor-widget-wrap\">\n\t\t\t\t\t\t\t<\/div>\n\t\t<\/div>\n\t\t\t\t<div class=\"elementor-column elementor-col-25 elementor-top-column elementor-element elementor-element-841f57f\" data-id=\"841f57f\" data-element_type=\"column\">\n\t\t\t<div class=\"elementor-widget-wrap\">\n\t\t\t\t\t\t\t<\/div>\n\t\t<\/div>\n\t\t\t\t<div class=\"elementor-column elementor-col-25 elementor-top-column elementor-element elementor-element-b72747f\" data-id=\"b72747f\" data-element_type=\"column\">\n\t\t\t<div class=\"elementor-widget-wrap\">\n\t\t\t\t\t\t\t<\/div>\n\t\t<\/div>\n\t\t\t\t<div class=\"elementor-column elementor-col-25 elementor-top-column elementor-element elementor-element-653686a\" data-id=\"653686a\" data-element_type=\"column\">\n\t\t\t<div class=\"elementor-widget-wrap\">\n\t\t\t\t\t\t\t<\/div>\n\t\t<\/div>\n\t\t\t\t\t<\/div>\n\t\t<\/section>\n\t\t\t\t<section class=\"elementor-section elementor-top-section elementor-element elementor-element-ff77983 elementor-section-boxed elementor-section-height-default elementor-section-height-default\" data-id=\"ff77983\" data-element_type=\"section\">\n\t\t\t\t\t\t<div class=\"elementor-container elementor-column-gap-default\">\n\t\t\t\t\t<div class=\"elementor-column elementor-col-100 elementor-top-column elementor-element elementor-element-9ec22a5\" data-id=\"9ec22a5\" data-element_type=\"column\">\n\t\t\t<div class=\"elementor-widget-wrap elementor-element-populated\">\n\t\t\t\t\t\t<div class=\"elementor-element elementor-element-be4dcf1 elementor-widget elementor-widget-text-editor\" data-id=\"be4dcf1\" data-element_type=\"widget\" data-widget_type=\"text-editor.default\">\n\t\t\t\t<div class=\"elementor-widget-container\">\n\t\t\t\t\t\t\t<p><b>Sentinel Financial Management Corp.<\/b> offre des services de planification d&rsquo;investissement pour votre s&eacute;curit&eacute; financi&egrave;re. Que vous recherchiez des opportunit&eacute;s pour vous-m&ecirc;me, votre famille, une petite entreprise ou une grande entreprise, Sentinel ouvre la voie.<\/p>\n<p>Les repr&eacute;sentants Sentinel peuvent vous aider &agrave; prendre des d&eacute;cisions &eacute;clair&eacute;es. Nous soutenons vos objectifs de planification de la retraite, de planification fiscale et d&rsquo;accumulation de patrimoine gr&acirc;ce &agrave; de solides strat&eacute;gies de planification financi&egrave;re.<\/p>\n<p>Fid&egrave;les &agrave; la tradition Sentinel, nos produits ont &eacute;t&eacute; bien &eacute;tudi&eacute;s et tri&eacute;s sur le volet.<\/p>\n<p>Vos outils de planification financi&egrave;re peuvent comprendre des fonds communs de placement, des REER, des FERR, des CELI, des FRV, des rentes,&nbsp; et les REER collectifs.&nbsp;<\/p>\n<p><b>Sentinel Financial Management Corp.<\/b> recommande uniquement les soci&eacute;t&eacute;s faisant preuve d&rsquo;un leadership financier exceptionnel et d&rsquo;une gestion administrative &eacute;prouv&eacute;e.<\/p>\t\t\t\t\t\t<\/div>\n\t\t\t\t<\/div>\n\t\t\t\t\t<\/div>\n\t\t<\/div>\n\t\t\t\t\t<\/div>\n\t\t<\/section>\n\t\t\t\t<section class=\"elementor-section elementor-top-section elementor-element elementor-element-a6a8592 elementor-section-boxed elementor-section-height-default elementor-section-height-default\" data-id=\"a6a8592\" data-element_type=\"section\">\n\t\t\t\t\t\t<div class=\"elementor-container elementor-column-gap-default\">\n\t\t\t\t\t<div class=\"elementor-column elementor-col-100 elementor-top-column elementor-element elementor-element-a7f6810\" data-id=\"a7f6810\" data-element_type=\"column\">\n\t\t\t<div class=\"elementor-widget-wrap elementor-element-populated\">\n\t\t\t\t\t\t<div class=\"elementor-element elementor-element-52b50aa elementor-tabs-view-horizontal elementor-widget elementor-widget-tabs\" data-id=\"52b50aa\" data-element_type=\"widget\" data-widget_type=\"tabs.default\">\n\t\t\t\t<div class=\"elementor-widget-container\">\n\t\t\t\t\t<div class=\"elementor-tabs\">\n\t\t\t<div class=\"elementor-tabs-wrapper\" role=\"tablist\">\n\t\t\t\t\t\t\t\t\t<div id=\"elementor-tab-title-8671\" class=\"elementor-tab-title elementor-tab-desktop-title\" aria-selected=\"true\" data-tab=\"1\" role=\"tab\" tabindex=\"0\" aria-controls=\"elementor-tab-content-8671\" aria-expanded=\"false\">DE NOUVELLES SOLUTIONS POUR VOTRE AVENIR<\/div>\n\t\t\t\t\t\t\t\t\t<div id=\"elementor-tab-title-8672\" class=\"elementor-tab-title elementor-tab-desktop-title\" aria-selected=\"false\" data-tab=\"2\" role=\"tab\" tabindex=\"-1\" aria-controls=\"elementor-tab-content-8672\" aria-expanded=\"false\">SUR LE FIL DU RASOIR<\/div>\n\t\t\t\t\t\t\t<\/div>\n\t\t\t<div class=\"elementor-tabs-content-wrapper\" role=\"tablist\" aria-orientation=\"vertical\">\n\t\t\t\t\t\t\t\t\t<div class=\"elementor-tab-title elementor-tab-mobile-title\" aria-selected=\"true\" data-tab=\"1\" role=\"tab\" tabindex=\"0\" aria-controls=\"elementor-tab-content-8671\" aria-expanded=\"false\">DE NOUVELLES SOLUTIONS POUR VOTRE AVENIR<\/div>\n\t\t\t\t\t<div id=\"elementor-tab-content-8671\" class=\"elementor-tab-content elementor-clearfix\" data-tab=\"1\" role=\"tabpanel\" aria-labelledby=\"elementor-tab-title-8671\" tabindex=\"0\" hidden=\"false\"><div class=\"field-item even\">\n<p>Votre avenir financier est assur&eacute; gr&acirc;ce aux conseils avis&eacute;s et &agrave; la direction personnelle d&rsquo;un repr&eacute;sentant Sentinelle. Nos employ&eacute;s sont des figures d&rsquo;int&eacute;grit&eacute; et de savoir. Ce sont des penseurs avis&eacute;s et ils sont toujours attentifs aux changements actuels du monde financier.<\/p>\n<\/div>\n<div class=\"field-item odd\">\n<p>Notre &eacute;quipe de professionnels agr&eacute;&eacute;s est fi&egrave;re d&rsquo;offrir ses services dans les domaines suivants :<\/p>\n<p>&bull; examen et analyse financi&egrave;re personnelle<br>&bull; des conseils fiscaux personnels<br>&bull; conservation et planification du domaine<br>&bull; conseil en retraite et en investissement<br>&bull; planification de l&rsquo;&eacute;ducation<br>&bull; conseil aux entreprises et aux dirigeants<br>&bull; s&eacute;minaires de conseillers p&eacute;dagogiques<\/p>\n<\/div>\n<\/div>\n\t\t\t\t\t\t\t\t\t<div class=\"elementor-tab-title elementor-tab-mobile-title\" aria-selected=\"false\" data-tab=\"2\" role=\"tab\" tabindex=\"-1\" aria-controls=\"elementor-tab-content-8672\" aria-expanded=\"false\">SUR LE FIL DU RASOIR<\/div>\n\t\t\t\t\t<div id=\"elementor-tab-content-8672\" class=\"elementor-tab-content elementor-clearfix\" data-tab=\"2\" role=\"tabpanel\" aria-labelledby=\"elementor-tab-title-8672\" tabindex=\"0\" hidden=\"hidden\"><div class=\"field-item even\">\n<p>Atteindre des objectifs &agrave; long terme et l&rsquo;ind&eacute;pendance financi&egrave;re est l&rsquo;essence m&ecirc;me de la planification financi&egrave;re. Concevoir votre plan, puis le mettre en &oelig;uvre, sont les &eacute;tapes les plus importantes de votre cheminement vers la s&eacute;curit&eacute; financi&egrave;re. Vous m&eacute;ritez la tranquillit&eacute; d&rsquo;esprit qui accompagne le fait de savoir que vos ann&eacute;es de travail acharn&eacute; travailleront &agrave; leur tour pour vous &agrave; la retraite.<\/p>\n<\/div>\n<div class=\"field-item odd\">\n<p>Nous utilisons une m&eacute;thode qui &eacute;limine les approximations&nbsp;:<\/p>\n<p>&bull; ensemble, nous d&eacute;couvrirons o&ugrave; vous &ecirc;tes maintenant<br>&bull; nous &eacute;couterons vos objectifs<br>&bull; un plan sera con&ccedil;u pour vous aider &agrave; vous rendre l&agrave; o&ugrave; vous voulez &ecirc;tre<br>&bull; nous utiliserons notre vaste r&eacute;seau de soci&eacute;t&eacute;s d&rsquo;investissement pour mettre le plan en marche<br>&bull; votre repr&eacute;sentant &eacute;valuera vos progr&egrave;s et vous contactera pour des examens r&eacute;guliers<\/p>\n<\/div>\n<\/div>\n\t\t\t\t\t\t\t<\/div>\n\t\t<\/div>\n\t\t\t\t<\/div>\n\t\t\t\t<\/div>\n\t\t\t\t\t<\/div>\n\t\t<\/div>\n\t\t\t\t\t<\/div>\n\t\t<\/section>\n\t\t\t\t<section class=\"elementor-section elementor-top-section elementor-element elementor-element-ec54432 elementor-section-boxed elementor-section-height-default elementor-section-height-default\" data-id=\"ec54432\" data-element_type=\"section\" data-settings='{\"background_background\":\"classic\"}'>\n\t\t\t\t\t\t<div class=\"elementor-container elementor-column-gap-default\">\n\t\t\t\t\t<div class=\"elementor-column elementor-col-100 elementor-top-column elementor-element elementor-element-0bb8718\" data-id=\"0bb8718\" data-element_type=\"column\">\n\t\t\t<div class=\"elementor-widget-wrap elementor-element-populated\">\n\t\t\t\t\t\t<div class=\"elementor-element elementor-element-8fe4a33 elementor-widget__width-inherit elementor-widget elementor-widget-global elementor-global-15066 elementor-global-15063 elementor-widget-image\" data-id=\"8fe4a33\" data-element_type=\"widget\" data-widget_type=\"image.default\">\n\t\t\t\t<div class=\"elementor-widget-container\">\n\t\t\t\t\t\t\t\t\t\t\t\t\t\t<a href=\"https:\/\/ciro.ca\" target=\"_blank\">\n\t\t\t\t\t\t\t<img decoding=\"async\" width=\"417\" height=\"108\" src=\"https:\/\/sentinelgroup.ca\/wp-content\/uploads\/2023\/07\/CIRO_Regulated_Dark.png\" class=\"attachment-large size-large wp-image-14968\" alt=\"CIRO\" srcset=\"https:\/\/sentinelgroup.ca\/wp-content\/uploads\/2023\/07\/CIRO_Regulated_Dark.png 417w, https:\/\/sentinelgroup.ca\/wp-content\/uploads\/2023\/07\/CIRO_Regulated_Dark-300x78.png 300w\" sizes=\"(max-width: 417px) 100vw, 417px\"\/>\t\t\t\t\t\t\t\t<\/a>\n\t\t\t\t\t\t\t\t\t\t\t\t\t<\/div>\n\t\t\t\t<\/div>\n\t\t\t\t\t<\/div>\n\t\t<\/div>\n\t\t\t\t\t<\/div>\n\t\t<\/section>\n\t\t\t\t<\/div>\n\t\t","protected":false},"excerpt":{"rendered":"<p>Ouvrir la voie Sentinel Financial Management Corp. offre des services de planification d&rsquo;investissement pour votre s&eacute;curit&eacute; financi&egrave;re. Que vous recherchiez des opportunit&eacute;s pour vous-m&ecirc;me, votre famille, une petite entreprise ou une grande entreprise, Sentinel ouvre la voie. Les repr&eacute;sentants Sentinel peuvent vous aider &agrave; prendre des d&eacute;cisions &eacute;clair&eacute;es. Nous soutenons vos objectifs de planification de [&hellip;]<\/p>\n","protected":false},"author":2,"featured_media":0,"parent":0,"menu_order":0,"comment_status":"closed","ping_status":"closed","template":"full-width.php","meta":{"_acf_changed":false,"footnotes":""},"class_list":["post-12736","page","type-page","status-publish","hentry"],"acf":[],"yoast_head":"<!-- This site is optimized with the Yoast SEO plugin v24.8.1 - https:\/\/yoast.com\/wordpress\/plugins\/seo\/ -->\n<title>Ouvrir la voie - Sentinel Financial Group<\/title>\n<meta name=\"description\" content=\"Le groupe financier Sentinel offre des services de planification des investissements pour votre s\u00e9curit\u00e9 financi\u00e8re. Que vous recherchiez des opportunit\u00e9s pour vous-m\u00eame, votre famille, une petite entreprise ou une grande entreprise, Sentinel ouvre la voie. Les repr\u00e9sentants Sentinel peuvent vous aider \u00e0 prendre des d\u00e9cisions \u00e9clair\u00e9es. Nous soutenons vos objectifs de planification de la retraite, de planification fiscale et d&#039;accumulation de patrimoine gr\u00e2ce \u00e0 de solides strat\u00e9gies de planification financi\u00e8re. Fid\u00e8les \u00e0 la tradition Sentinel, nos produits ont \u00e9t\u00e9 bien \u00e9tudi\u00e9s et tri\u00e9s sur le volet. % Vos outils de planification financi\u00e8re peuvent comprendre des fonds communs de placement, des REER, des FERR, des CELI, des FRV, des rentes et des REER collectifs.\" \/>\n<meta name=\"robots\" content=\"index, follow, max-snippet:-1, max-image-preview:large, max-video-preview:-1\" \/>\n<link rel=\"canonical\" href=\"https:\/\/sentinelgroup.ca\/fr\/ouvrir-la-voie\/\" \/>\n<meta property=\"og:locale\" content=\"fr_FR\" \/>\n<meta property=\"og:type\" content=\"article\" \/>\n<meta property=\"og:title\" content=\"Ouvrir la voie - Sentinel Financial Group\" \/>\n<meta property=\"og:description\" content=\"Le groupe financier Sentinel offre des services de planification des investissements pour votre s\u00e9curit\u00e9 financi\u00e8re. Que vous recherchiez des opportunit\u00e9s pour vous-m\u00eame, votre famille, une petite entreprise ou une grande entreprise, Sentinel ouvre la voie. Les repr\u00e9sentants Sentinel peuvent vous aider \u00e0 prendre des d\u00e9cisions \u00e9clair\u00e9es. Nous soutenons vos objectifs de planification de la retraite, de planification fiscale et d&#039;accumulation de patrimoine gr\u00e2ce \u00e0 de solides strat\u00e9gies de planification financi\u00e8re. Fid\u00e8les \u00e0 la tradition Sentinel, nos produits ont \u00e9t\u00e9 bien \u00e9tudi\u00e9s et tri\u00e9s sur le volet. % Vos outils de planification financi\u00e8re peuvent comprendre des fonds communs de placement, des REER, des FERR, des CELI, des FRV, des rentes et des REER collectifs.\" \/>\n<meta property=\"og:url\" content=\"https:\/\/sentinelgroup.ca\/fr\/ouvrir-la-voie\/\" \/>\n<meta property=\"og:site_name\" content=\"Sentinel Financial Group\" \/>\n<meta property=\"article:publisher\" content=\"https:\/\/www.facebook.com\/SentinelFG\" \/>\n<meta property=\"article:modified_time\" content=\"2023-08-04T17:07:36+00:00\" \/>\n<meta property=\"og:image\" content=\"https:\/\/sentinelgroup.ca\/wp-content\/uploads\/2023\/07\/CIRO_Regulated_Dark.png\" \/>\n<meta name=\"twitter:card\" content=\"summary_large_image\" \/>\n<meta name=\"twitter:site\" content=\"@SentinelFG\" \/>\n<meta name=\"twitter:label1\" content=\"Dur\u00e9e de lecture estim\u00e9e\" \/>\n\t<meta name=\"twitter:data1\" content=\"2 minutes\" \/>\n<script type=\"application\/ld+json\" class=\"yoast-schema-graph\">{\"@context\":\"https:\/\/schema.org\",\"@graph\":[{\"@type\":\"WebPage\",\"@id\":\"https:\/\/sentinelgroup.ca\/fr\/ouvrir-la-voie\/\",\"url\":\"https:\/\/sentinelgroup.ca\/fr\/ouvrir-la-voie\/\",\"name\":\"Ouvrir la voie - Sentinel Financial Group\",\"isPartOf\":{\"@id\":\"https:\/\/sentinelgroup.ca\/fr\/#website\"},\"primaryImageOfPage\":{\"@id\":\"https:\/\/sentinelgroup.ca\/fr\/ouvrir-la-voie\/#primaryimage\"},\"image\":{\"@id\":\"https:\/\/sentinelgroup.ca\/fr\/ouvrir-la-voie\/#primaryimage\"},\"thumbnailUrl\":\"https:\/\/sentinelgroup.ca\/wp-content\/uploads\/2023\/07\/CIRO_Regulated_Dark.png\",\"datePublished\":\"2022-02-11T13:50:53+00:00\",\"dateModified\":\"2023-08-04T17:07:36+00:00\",\"description\":\"Le groupe financier Sentinel offre des services de planification des investissements pour votre s\u00e9curit\u00e9 financi\u00e8re. Que vous recherchiez des opportunit\u00e9s pour vous-m\u00eame, votre famille, une petite entreprise ou une grande entreprise, Sentinel ouvre la voie. Les repr\u00e9sentants Sentinel peuvent vous aider \u00e0 prendre des d\u00e9cisions \u00e9clair\u00e9es. Nous soutenons vos objectifs de planification de la retraite, de planification fiscale et d'accumulation de patrimoine gr\u00e2ce \u00e0 de solides strat\u00e9gies de planification financi\u00e8re. Fid\u00e8les \u00e0 la tradition Sentinel, nos produits ont \u00e9t\u00e9 bien \u00e9tudi\u00e9s et tri\u00e9s sur le volet. % Vos outils de planification financi\u00e8re peuvent comprendre des fonds communs de placement, des REER, des FERR, des CELI, des FRV, des rentes et des REER collectifs.\",\"breadcrumb\":{\"@id\":\"https:\/\/sentinelgroup.ca\/fr\/ouvrir-la-voie\/#breadcrumb\"},\"inLanguage\":\"fr-FR\",\"potentialAction\":[{\"@type\":\"ReadAction\",\"target\":[\"https:\/\/sentinelgroup.ca\/fr\/ouvrir-la-voie\/\"]}]},{\"@type\":\"ImageObject\",\"inLanguage\":\"fr-FR\",\"@id\":\"https:\/\/sentinelgroup.ca\/fr\/ouvrir-la-voie\/#primaryimage\",\"url\":\"https:\/\/sentinelgroup.ca\/wp-content\/uploads\/2023\/07\/CIRO_Regulated_Dark.png\",\"contentUrl\":\"https:\/\/sentinelgroup.ca\/wp-content\/uploads\/2023\/07\/CIRO_Regulated_Dark.png\"},{\"@type\":\"BreadcrumbList\",\"@id\":\"https:\/\/sentinelgroup.ca\/fr\/ouvrir-la-voie\/#breadcrumb\",\"itemListElement\":[{\"@type\":\"ListItem\",\"position\":1,\"name\":\"Home\",\"item\":\"https:\/\/sentinelgroup.ca\/fr\/accueil\/\"},{\"@type\":\"ListItem\",\"position\":2,\"name\":\"Ouvrir la voie\"}]},{\"@type\":\"WebSite\",\"@id\":\"https:\/\/sentinelgroup.ca\/fr\/#website\",\"url\":\"https:\/\/sentinelgroup.ca\/fr\/\",\"name\":\"Sentinel Financial Group\",\"description\":\"Whether you are exploring opportunities for yourself, your family, a small business, or large corporation, Sentinel can lead the way either through insurance, investments or building equity in personal property. Financial security and independence comes only with a sound plan.\",\"publisher\":{\"@id\":\"https:\/\/sentinelgroup.ca\/fr\/#organization\"},\"potentialAction\":[{\"@type\":\"SearchAction\",\"target\":{\"@type\":\"EntryPoint\",\"urlTemplate\":\"https:\/\/sentinelgroup.ca\/fr\/?s={search_term_string}\"},\"query-input\":{\"@type\":\"PropertyValueSpecification\",\"valueRequired\":true,\"valueName\":\"search_term_string\"}}],\"inLanguage\":\"fr-FR\"},{\"@type\":\"Organization\",\"@id\":\"https:\/\/sentinelgroup.ca\/fr\/#organization\",\"name\":\"Sentinel Financial Group\",\"url\":\"https:\/\/sentinelgroup.ca\/fr\/\",\"logo\":{\"@type\":\"ImageObject\",\"inLanguage\":\"fr-FR\",\"@id\":\"https:\/\/sentinelgroup.ca\/fr\/#\/schema\/logo\/image\/\",\"url\":\"https:\/\/sentinelgroup.ca\/wp-content\/uploads\/2022\/02\/SFG-Logo-500w-e1643753833604.png\",\"contentUrl\":\"https:\/\/sentinelgroup.ca\/wp-content\/uploads\/2022\/02\/SFG-Logo-500w-e1643753833604.png\",\"width\":200,\"height\":90,\"caption\":\"Sentinel Financial Group\"},\"image\":{\"@id\":\"https:\/\/sentinelgroup.ca\/fr\/#\/schema\/logo\/image\/\"},\"sameAs\":[\"https:\/\/www.facebook.com\/SentinelFG\",\"https:\/\/x.com\/SentinelFG\",\"https:\/\/www.linkedin.com\/company\/sentinel-financial-group\"]}]}<\/script>\n<!-- \/ Yoast SEO plugin. -->","yoast_head_json":{"title":"Ouvrir la voie - Sentinel Financial Group","description":"Le groupe financier Sentinel offre des services de planification des investissements pour votre s\u00e9curit\u00e9 financi\u00e8re. Que vous recherchiez des opportunit\u00e9s pour vous-m\u00eame, votre famille, une petite entreprise ou une grande entreprise, Sentinel ouvre la voie. Les repr\u00e9sentants Sentinel peuvent vous aider \u00e0 prendre des d\u00e9cisions \u00e9clair\u00e9es. Nous soutenons vos objectifs de planification de la retraite, de planification fiscale et d'accumulation de patrimoine gr\u00e2ce \u00e0 de solides strat\u00e9gies de planification financi\u00e8re. Fid\u00e8les \u00e0 la tradition Sentinel, nos produits ont \u00e9t\u00e9 bien \u00e9tudi\u00e9s et tri\u00e9s sur le volet. % Vos outils de planification financi\u00e8re peuvent comprendre des fonds communs de placement, des REER, des FERR, des CELI, des FRV, des rentes et des REER collectifs.","robots":{"index":"index","follow":"follow","max-snippet":"max-snippet:-1","max-image-preview":"max-image-preview:large","max-video-preview":"max-video-preview:-1"},"canonical":"https:\/\/sentinelgroup.ca\/fr\/ouvrir-la-voie\/","og_locale":"fr_FR","og_type":"article","og_title":"Ouvrir la voie - Sentinel Financial Group","og_description":"Le groupe financier Sentinel offre des services de planification des investissements pour votre s\u00e9curit\u00e9 financi\u00e8re. Que vous recherchiez des opportunit\u00e9s pour vous-m\u00eame, votre famille, une petite entreprise ou une grande entreprise, Sentinel ouvre la voie. Les repr\u00e9sentants Sentinel peuvent vous aider \u00e0 prendre des d\u00e9cisions \u00e9clair\u00e9es. Nous soutenons vos objectifs de planification de la retraite, de planification fiscale et d'accumulation de patrimoine gr\u00e2ce \u00e0 de solides strat\u00e9gies de planification financi\u00e8re. Fid\u00e8les \u00e0 la tradition Sentinel, nos produits ont \u00e9t\u00e9 bien \u00e9tudi\u00e9s et tri\u00e9s sur le volet. % Vos outils de planification financi\u00e8re peuvent comprendre des fonds communs de placement, des REER, des FERR, des CELI, des FRV, des rentes et des REER collectifs.","og_url":"https:\/\/sentinelgroup.ca\/fr\/ouvrir-la-voie\/","og_site_name":"Sentinel Financial Group","article_publisher":"https:\/\/www.facebook.com\/SentinelFG","article_modified_time":"2023-08-04T17:07:36+00:00","og_image":[{"url":"https:\/\/sentinelgroup.ca\/wp-content\/uploads\/2023\/07\/CIRO_Regulated_Dark.png","type":"","width":"","height":""}],"twitter_card":"summary_large_image","twitter_site":"@SentinelFG","twitter_misc":{"Dur\u00e9e de lecture estim\u00e9e":"2 minutes"},"schema":{"@context":"https:\/\/schema.org","@graph":[{"@type":"WebPage","@id":"https:\/\/sentinelgroup.ca\/fr\/ouvrir-la-voie\/","url":"https:\/\/sentinelgroup.ca\/fr\/ouvrir-la-voie\/","name":"Ouvrir la voie - Sentinel Financial Group","isPartOf":{"@id":"https:\/\/sentinelgroup.ca\/fr\/#website"},"primaryImageOfPage":{"@id":"https:\/\/sentinelgroup.ca\/fr\/ouvrir-la-voie\/#primaryimage"},"image":{"@id":"https:\/\/sentinelgroup.ca\/fr\/ouvrir-la-voie\/#primaryimage"},"thumbnailUrl":"https:\/\/sentinelgroup.ca\/wp-content\/uploads\/2023\/07\/CIRO_Regulated_Dark.png","datePublished":"2022-02-11T13:50:53+00:00","dateModified":"2023-08-04T17:07:36+00:00","description":"Le groupe financier Sentinel offre des services de planification des investissements pour votre s\u00e9curit\u00e9 financi\u00e8re. Que vous recherchiez des opportunit\u00e9s pour vous-m\u00eame, votre famille, une petite entreprise ou une grande entreprise, Sentinel ouvre la voie. Les repr\u00e9sentants Sentinel peuvent vous aider \u00e0 prendre des d\u00e9cisions \u00e9clair\u00e9es. Nous soutenons vos objectifs de planification de la retraite, de planification fiscale et d'accumulation de patrimoine gr\u00e2ce \u00e0 de solides strat\u00e9gies de planification financi\u00e8re. Fid\u00e8les \u00e0 la tradition Sentinel, nos produits ont \u00e9t\u00e9 bien \u00e9tudi\u00e9s et tri\u00e9s sur le volet. % Vos outils de planification financi\u00e8re peuvent comprendre des fonds communs de placement, des REER, des FERR, des CELI, des FRV, des rentes et des REER collectifs.","breadcrumb":{"@id":"https:\/\/sentinelgroup.ca\/fr\/ouvrir-la-voie\/#breadcrumb"},"inLanguage":"fr-FR","potentialAction":[{"@type":"ReadAction","target":["https:\/\/sentinelgroup.ca\/fr\/ouvrir-la-voie\/"]}]},{"@type":"ImageObject","inLanguage":"fr-FR","@id":"https:\/\/sentinelgroup.ca\/fr\/ouvrir-la-voie\/#primaryimage","url":"https:\/\/sentinelgroup.ca\/wp-content\/uploads\/2023\/07\/CIRO_Regulated_Dark.png","contentUrl":"https:\/\/sentinelgroup.ca\/wp-content\/uploads\/2023\/07\/CIRO_Regulated_Dark.png"},{"@type":"BreadcrumbList","@id":"https:\/\/sentinelgroup.ca\/fr\/ouvrir-la-voie\/#breadcrumb","itemListElement":[{"@type":"ListItem","position":1,"name":"Home","item":"https:\/\/sentinelgroup.ca\/fr\/accueil\/"},{"@type":"ListItem","position":2,"name":"Ouvrir la voie"}]},{"@type":"WebSite","@id":"https:\/\/sentinelgroup.ca\/fr\/#website","url":"https:\/\/sentinelgroup.ca\/fr\/","name":"Sentinel Financial Group","description":"Whether you are exploring opportunities for yourself, your family, a small business, or large corporation, Sentinel can lead the way either through insurance, investments or building equity in personal property. Financial security and independence comes only with a sound plan.","publisher":{"@id":"https:\/\/sentinelgroup.ca\/fr\/#organization"},"potentialAction":[{"@type":"SearchAction","target":{"@type":"EntryPoint","urlTemplate":"https:\/\/sentinelgroup.ca\/fr\/?s={search_term_string}"},"query-input":{"@type":"PropertyValueSpecification","valueRequired":true,"valueName":"search_term_string"}}],"inLanguage":"fr-FR"},{"@type":"Organization","@id":"https:\/\/sentinelgroup.ca\/fr\/#organization","name":"Sentinel Financial Group","url":"https:\/\/sentinelgroup.ca\/fr\/","logo":{"@type":"ImageObject","inLanguage":"fr-FR","@id":"https:\/\/sentinelgroup.ca\/fr\/#\/schema\/logo\/image\/","url":"https:\/\/sentinelgroup.ca\/wp-content\/uploads\/2022\/02\/SFG-Logo-500w-e1643753833604.png","contentUrl":"https:\/\/sentinelgroup.ca\/wp-content\/uploads\/2022\/02\/SFG-Logo-500w-e1643753833604.png","width":200,"height":90,"caption":"Sentinel Financial Group"},"image":{"@id":"https:\/\/sentinelgroup.ca\/fr\/#\/schema\/logo\/image\/"},"sameAs":["https:\/\/www.facebook.com\/SentinelFG","https:\/\/x.com\/SentinelFG","https:\/\/www.linkedin.com\/company\/sentinel-financial-group"]}]}},"_links":{"self":[{"href":"https:\/\/sentinelgroup.ca\/fr\/wp-json\/wp\/v2\/pages\/12736","targetHints":{"allow":["GET"]}}],"collection":[{"href":"https:\/\/sentinelgroup.ca\/fr\/wp-json\/wp\/v2\/pages"}],"about":[{"href":"https:\/\/sentinelgroup.ca\/fr\/wp-json\/wp\/v2\/types\/page"}],"author":[{"embeddable":true,"href":"https:\/\/sentinelgroup.ca\/fr\/wp-json\/wp\/v2\/users\/2"}],"replies":[{"embeddable":true,"href":"https:\/\/sentinelgroup.ca\/fr\/wp-json\/wp\/v2\/comments?post=12736"}],"version-history":[{"count":15,"href":"https:\/\/sentinelgroup.ca\/fr\/wp-json\/wp\/v2\/pages\/12736\/revisions"}],"predecessor-version":[{"id":15166,"href":"https:\/\/sentinelgroup.ca\/fr\/wp-json\/wp\/v2\/pages\/12736\/revisions\/15166"}],"wp:attachment":[{"href":"https:\/\/sentinelgroup.ca\/fr\/wp-json\/wp\/v2\/media?parent=12736"}],"curies":[{"name":"wp","href":"https:\/\/api.w.org\/{rel}","templated":true}]}}