{"id":12718,"date":"2022-02-11T16:26:51","date_gmt":"2022-02-11T16:26:51","guid":{"rendered":"https:\/\/sentinelnew.advisornet.org\/rejoignez-nous\/"},"modified":"2022-09-16T15:35:13","modified_gmt":"2022-09-16T15:35:13","slug":"rejoignez-nous","status":"publish","type":"page","link":"https:\/\/sentinelgroup.ca\/fr\/rejoignez-nous\/","title":{"rendered":"Rejoignez-nous"},"content":{"rendered":"<div data-elementor-type=\"wp-page\" data-elementor-id=\"12718\" class=\"elementor elementor-12718 elementor-4070\" data-elementor-post-type=\"page\">\n\t\t\t\t\t\t<section class=\"elementor-section elementor-top-section elementor-element elementor-element-d9841bc elementor-section-full_width elementor-section-height-default elementor-section-height-default\" data-id=\"d9841bc\" data-element_type=\"section\" data-settings='{\"background_background\":\"classic\"}'>\n\t\t\t\t\t\t\t<div class=\"elementor-background-overlay\"><\/div>\n\t\t\t\t\t\t\t<div class=\"elementor-container elementor-column-gap-default\">\n\t\t\t\t\t<div class=\"elementor-column elementor-col-100 elementor-top-column elementor-element elementor-element-df0813e\" data-id=\"df0813e\" data-element_type=\"column\" data-settings='{\"background_background\":\"classic\"}'>\n\t\t\t<div class=\"elementor-widget-wrap elementor-element-populated\">\n\t\t\t\t\t\t<div class=\"elementor-element elementor-element-87941d9 elementor-widget elementor-widget-heading\" data-id=\"87941d9\" data-element_type=\"widget\" data-widget_type=\"heading.default\">\n\t\t\t\t<div class=\"elementor-widget-container\">\n\t\t\t<h2 class=\"elementor-heading-title elementor-size-default\">Rejoignez-nous<\/h2>\t\t<\/div>\n\t\t\t\t<\/div>\n\t\t\t\t\t<\/div>\n\t\t<\/div>\n\t\t\t\t\t<\/div>\n\t\t<\/section>\n\t\t\t\t<section class=\"elementor-section elementor-top-section elementor-element elementor-element-6305913 elementor-section-boxed elementor-section-height-default elementor-section-height-default\" data-id=\"6305913\" data-element_type=\"section\">\n\t\t\t\t\t\t<div class=\"elementor-container elementor-column-gap-default\">\n\t\t\t\t\t<div class=\"elementor-column elementor-col-100 elementor-top-column elementor-element elementor-element-f07f94d\" data-id=\"f07f94d\" data-element_type=\"column\">\n\t\t\t<div class=\"elementor-widget-wrap elementor-element-populated\">\n\t\t\t\t\t\t<section class=\"elementor-section elementor-inner-section elementor-element elementor-element-15d7361 elementor-section-boxed elementor-section-height-default elementor-section-height-default\" data-id=\"15d7361\" data-element_type=\"section\">\n\t\t\t\t\t\t<div class=\"elementor-container elementor-column-gap-default\">\n\t\t\t\t\t<div class=\"elementor-column elementor-col-50 elementor-inner-column elementor-element elementor-element-4ab00c7\" data-id=\"4ab00c7\" data-element_type=\"column\" data-settings='{\"background_background\":\"classic\"}'>\n\t\t\t<div class=\"elementor-widget-wrap elementor-element-populated\">\n\t\t\t\t\t\t<div class=\"elementor-element elementor-element-80ae8a0 elementor-widget__width-initial elementor-widget-tablet__width-initial elementor-widget-mobile__width-initial elementor-widget elementor-widget-text-editor\" data-id=\"80ae8a0\" data-element_type=\"widget\" data-widget_type=\"text-editor.default\">\n\t\t\t\t<div class=\"elementor-widget-container\">\n\t\t\t\t\t\t\t<p>Envoie-nous un message<\/p>\n\t\t\t\t\t\t<\/div>\n\t\t\t\t<\/div>\n\t\t\t\t<div class=\"elementor-element elementor-element-5d75053 elementor-widget__width-initial elementor-widget-tablet__width-initial elementor-widget-mobile__width-initial elementor-widget elementor-widget-image\" data-id=\"5d75053\" data-element_type=\"widget\" data-widget_type=\"image.default\">\n\t\t\t\t<div class=\"elementor-widget-container\">\n\t\t\t\t\t\t\t\t\t\t\t\t\t<img fetchpriority=\"high\" decoding=\"async\" width=\"628\" height=\"336\" src=\"https:\/\/sentinelgroup.ca\/wp-content\/uploads\/2022\/02\/mail-box.png\" class=\"attachment-large size-large wp-image-12543\" alt=\"\" srcset=\"https:\/\/sentinelgroup.ca\/wp-content\/uploads\/2022\/02\/mail-box.png 628w, https:\/\/sentinelgroup.ca\/wp-content\/uploads\/2022\/02\/mail-box-300x161.png 300w\" sizes=\"(max-width: 628px) 100vw, 628px\"\/>\t\t\t\t\t\t\t\t\t\t\t\t\t<\/div>\n\t\t\t\t<\/div>\n\t\t\t\t<div class=\"elementor-element elementor-element-30a53f3 elementor-widget elementor-widget-shortcode\" data-id=\"30a53f3\" data-element_type=\"widget\" data-widget_type=\"shortcode.default\">\n\t\t\t\t<div class=\"elementor-widget-container\">\n\t\t\t\t\t<div class=\"elementor-shortcode\">\n<div class=\"wpcf7 no-js\" id=\"wpcf7-f13180-o1\" lang=\"fr-FR\" dir=\"ltr\" data-wpcf7-id=\"13180\">\n<div class=\"screen-reader-response\"><p role=\"status\" aria-live=\"polite\" aria-atomic=\"true\"><\/p> <ul><\/ul><\/div>\n<form action=\"\/fr\/wp-json\/wp\/v2\/pages\/12718#wpcf7-f13180-o1\" method=\"post\" class=\"wpcf7-form init\" aria-label=\"Formulaire de contact\" novalidate=\"novalidate\" data-status=\"init\">\n<div style=\"display: none;\">\n<input type=\"hidden\" name=\"_wpcf7\" value=\"13180\">\n<input type=\"hidden\" name=\"_wpcf7_version\" value=\"6.0.6\">\n<input type=\"hidden\" name=\"_wpcf7_locale\" value=\"fr_FR\">\n<input type=\"hidden\" name=\"_wpcf7_unit_tag\" value=\"wpcf7-f13180-o1\">\n<input type=\"hidden\" name=\"_wpcf7_container_post\" value=\"0\">\n<input type=\"hidden\" name=\"_wpcf7_posted_data_hash\" value=\"\">\n<input type=\"hidden\" name=\"_wpcf7_recaptcha_response\" value=\"\">\n<\/div>\n<p><label class=\"fname3\">Nom:<br>\n<span class=\"wpcf7-form-control-wrap\" data-name=\"your-name\"><input size=\"40\" maxlength=\"400\" class=\"wpcf7-form-control wpcf7-text wpcf7-validates-as-required\" aria-required=\"true\" aria-invalid=\"false\" value=\"\" type=\"text\" name=\"your-name\"><\/span> <\/label>\n<\/p>\n<p><label class=\"fname3\">Adresse :<br>\n<span class=\"wpcf7-form-control-wrap\" data-name=\"your-address\"><input size=\"40\" maxlength=\"400\" class=\"wpcf7-form-control wpcf7-text wpcf7-validates-as-required\" aria-required=\"true\" aria-invalid=\"false\" value=\"\" type=\"text\" name=\"your-address\"><\/span> <\/label>\n<\/p>\n<p><label class=\"fname3\">Ville:<br>\n<span class=\"wpcf7-form-control-wrap\" data-name=\"your-city\"><input size=\"40\" maxlength=\"400\" class=\"wpcf7-form-control wpcf7-text wpcf7-validates-as-required\" aria-required=\"true\" aria-invalid=\"false\" value=\"\" type=\"text\" name=\"your-city\"><\/span> <\/label>\n<\/p>\n<p><label class=\"fname3\">Province:<br>\n<span class=\"wpcf7-form-control-wrap\" data-name=\"your-province\"><input size=\"40\" maxlength=\"400\" class=\"wpcf7-form-control wpcf7-text wpcf7-validates-as-required\" aria-required=\"true\" aria-invalid=\"false\" value=\"\" type=\"text\" name=\"your-province\"><\/span> <\/label>\n<\/p>\n<p><label class=\"fname3\">Postal:<br>\n<span class=\"wpcf7-form-control-wrap\" data-name=\"your-postal\"><input size=\"40\" maxlength=\"400\" class=\"wpcf7-form-control wpcf7-text wpcf7-validates-as-required\" aria-required=\"true\" aria-invalid=\"false\" value=\"\" type=\"text\" name=\"your-postal\"><\/span> <\/label>\n<\/p>\n<p><label class=\"fname3\">T&eacute;l&eacute;phoner:<br>\n<span class=\"wpcf7-form-control-wrap\" data-name=\"your-phone\"><input size=\"40\" maxlength=\"400\" class=\"wpcf7-form-control wpcf7-tel wpcf7-text wpcf7-validates-as-tel\" aria-invalid=\"false\" value=\"\" type=\"tel\" name=\"your-phone\"><\/span> <\/label>\n<\/p>\n<p><label class=\"fname3\">Cellule :<br>\n<span class=\"wpcf7-form-control-wrap\" data-name=\"your-cell\"><input size=\"40\" maxlength=\"400\" class=\"wpcf7-form-control wpcf7-tel wpcf7-text wpcf7-validates-as-tel\" aria-invalid=\"false\" value=\"\" type=\"tel\" name=\"your-cell\"><\/span> <\/label>\n<\/p>\n<p><label class=\"fname3\">Email (requis)<br>\n<span class=\"wpcf7-form-control-wrap\" data-name=\"your-email\"><input size=\"40\" maxlength=\"400\" class=\"wpcf7-form-control wpcf7-email wpcf7-validates-as-required wpcf7-text wpcf7-validates-as-email\" aria-required=\"true\" aria-invalid=\"false\" value=\"\" type=\"email\" name=\"your-email\"><\/span> <\/label>\n<\/p>\n<p>Licences d&eacute;tenues :\n<\/p>\n<p><span class=\"wpcf7-form-control-wrap\" data-name=\"mutual-fund-license\"><span class=\"wpcf7-form-control wpcf7-checkbox\"><span class=\"wpcf7-list-item first last\"><label><input type=\"checkbox\" name=\"mutual-fund-license[]\" value=\"Mutual Fund License\"><span class=\"wpcf7-list-item-label\">Mutual Fund License<\/span><\/label><\/span><\/span><\/span><br>\n<span class=\"wpcf7-form-control-wrap\" data-name=\"life-license\"><span class=\"wpcf7-form-control wpcf7-checkbox\"><span class=\"wpcf7-list-item first last\"><label><input type=\"checkbox\" name=\"life-license[]\" value=\"Life License\"><span class=\"wpcf7-list-item-label\">Life License<\/span><\/label><\/span><\/span><\/span><br>\n<span class=\"wpcf7-form-control-wrap\" data-name=\"exempt-market-license\"><span class=\"wpcf7-form-control wpcf7-checkbox\"><span class=\"wpcf7-list-item first last\"><label><input type=\"checkbox\" name=\"exempt-market-license[]\" value=\"Exempt Market License\"><span class=\"wpcf7-list-item-label\">Exempt Market License<\/span><\/label><\/span><\/span><\/span>\n<\/p>\n<p><label class=\"fname3 for-text-area\"> Noter:<br>\n<span class=\"wpcf7-form-control-wrap\" data-name=\"your-message\"><textarea cols=\"40\" rows=\"10\" maxlength=\"2000\" class=\"wpcf7-form-control wpcf7-textarea\" aria-invalid=\"false\" name=\"your-message\"><\/textarea><\/span> <\/label>\n<\/p>\n<p><button type=\"submit\" id=\"submit\" class=\"for-icon-style\"><i class=\"fas fa-paper-plane\"><\/i><\/button>\n<\/p><div class=\"wpcf7-response-output\" aria-hidden=\"true\"><\/div>\n<\/form>\n<\/div>\n<\/div>\n\t\t\t\t<\/div>\n\t\t\t\t<\/div>\n\t\t\t\t\t<\/div>\n\t\t<\/div>\n\t\t\t\t<div class=\"elementor-column elementor-col-50 elementor-inner-column elementor-element elementor-element-6623907\" data-id=\"6623907\" data-element_type=\"column\">\n\t\t\t<div class=\"elementor-widget-wrap elementor-element-populated\">\n\t\t\t\t\t\t<div class=\"elementor-element elementor-element-25cd32c elementor-widget elementor-widget-text-editor\" data-id=\"25cd32c\" data-element_type=\"widget\" data-widget_type=\"text-editor.default\">\n\t\t\t\t<div class=\"elementor-widget-container\">\n\t\t\t\t\t\t\t<p>NOUS CONTACTER<\/p>\n\t\t\t\t\t\t<\/div>\n\t\t\t\t<\/div>\n\t\t\t\t<div class=\"elementor-element elementor-element-9209fa1 elementor-widget elementor-widget-text-editor\" data-id=\"9209fa1\" data-element_type=\"widget\" data-widget_type=\"text-editor.default\">\n\t\t\t\t<div class=\"elementor-widget-container\">\n\t\t\t\t\t\t\t<p>En utilisant le formulaire suivant, vous pouvez entrer en contact avec notre responsable d&rsquo;agence et exprimer votre int&eacute;r&ecirc;t et obtenir plus d&rsquo;informations sur l&rsquo;adh&eacute;sion &agrave; Sentinel.<\/p>\n\t\t\t\t\t\t<\/div>\n\t\t\t\t<\/div>\n\t\t\t\t<div class=\"elementor-element elementor-element-d31141d elementor-widget elementor-widget-text-editor\" data-id=\"d31141d\" data-element_type=\"widget\" data-widget_type=\"text-editor.default\">\n\t\t\t\t<div class=\"elementor-widget-container\">\n\t\t\t\t\t\t\t<p>Avantages de rejoindre Sentinelle<\/p>\n\t\t\t\t\t\t<\/div>\n\t\t\t\t<\/div>\n\t\t\t\t<div class=\"elementor-element elementor-element-0240743 elementor-widget elementor-widget-text-editor\" data-id=\"0240743\" data-element_type=\"widget\" data-widget_type=\"text-editor.default\">\n\t\t\t\t<div class=\"elementor-widget-container\">\n\t\t\t\t\t\t\t<p>Sentinel offre une vaste gamme de produits &agrave; nos conseillers et, par ricochet, &agrave; leurs clients. Que vos clients soient int&eacute;ress&eacute;s par les placements, les assurances, les avantages sociaux collectifs ou m&ecirc;me la pr&eacute;paration de leurs d&eacute;clarations de revenus. Sentinel fournit une source unique d&rsquo;outils dont vous avez besoin pour &eacute;tablir et maintenir avec succ&egrave;s votre relation avec vos clients.<\/p>\n\t\t\t\t\t\t<\/div>\n\t\t\t\t<\/div>\n\t\t\t\t<div class=\"elementor-element elementor-element-b131e41 elementor-widget elementor-widget-text-editor\" data-id=\"b131e41\" data-element_type=\"widget\" data-widget_type=\"text-editor.default\">\n\t\t\t\t<div class=\"elementor-widget-container\">\n\t\t\t\t\t\t\t<p>Notre &eacute;quipe est l&agrave; pour vous accompagner dans vos objectifs, pour vous apporter le soutien dont vous avez besoin.<\/p>\n\t\t\t\t\t\t<\/div>\n\t\t\t\t<\/div>\n\t\t\t\t<div class=\"elementor-element elementor-element-e9ec11d elementor-widget elementor-widget-text-editor\" data-id=\"e9ec11d\" data-element_type=\"widget\" data-widget_type=\"text-editor.default\">\n\t\t\t\t<div class=\"elementor-widget-container\">\n\t\t\t\t\t\t\t<p><b>Les conseillers b&eacute;n&eacute;ficient des avantages suivants&nbsp;:<\/b><\/p>\n\t\t\t\t\t\t<\/div>\n\t\t\t\t<\/div>\n\t\t\t\t<div class=\"elementor-element elementor-element-96b6e90 elementor-widget elementor-widget-text-editor\" data-id=\"96b6e90\" data-element_type=\"widget\" data-widget_type=\"text-editor.default\">\n\t\t\t\t<div class=\"elementor-widget-container\">\n\t\t\t\t\t\t\t<ul>\n<li>Service amical et efficace de notre &eacute;quipe administrative<\/li>\n<li>Taux de paiement des commissions comp&eacute;titifs<\/li>\n<li>Paiements hebdomadaires des commissions EFT directement dans votre banque<\/li>\n<li>Acc&egrave;s en ligne &agrave; nos syst&egrave;mes de back-office (VieFund)<\/li>\n<li>Un site Web d&eacute;di&eacute; pour vous fournir des mises &agrave; jour, des avis de conformit&eacute;, des formulaires, des listes de fonds et des liens vers divers sites de l&rsquo;industrie.<\/li>\n<li>Acc&egrave;s &agrave; des r&eacute;unions &eacute;ducatives fr&eacute;quentes avec des professionnels de l&rsquo;industrie pour vous tenir au courant des derniers changements dans les entreprises avec lesquelles Sentinel fait affaire.<\/li>\n<\/ul>\n<p><b>De plus, les conseillers peuvent postuler pour un bureau de premi&egrave;re classe ici &agrave; notre si&egrave;ge social de Saskatoon avec des avantages suppl&eacute;mentaires&nbsp;:<\/b><\/p>\n<ul>\n<li>Espace bureau (sous r&eacute;serve de disponibilit&eacute;)<\/li>\n<li>Environnement entrepreneurial<\/li>\n<li>Acc&egrave;s Internet Haut D&eacute;bit 24h\/24 et 7j\/7.<\/li>\n<li>Acc&egrave;s &agrave; nos photocopieurs<\/li>\n<li>Assistance informatique sur site<\/li>\n<\/ul>\t\t\t\t\t\t<\/div>\n\t\t\t\t<\/div>\n\t\t\t\t\t<\/div>\n\t\t<\/div>\n\t\t\t\t\t<\/div>\n\t\t<\/section>\n\t\t\t\t\t<\/div>\n\t\t<\/div>\n\t\t\t\t\t<\/div>\n\t\t<\/section>\n\t\t\t\t<\/div>\n\t\t","protected":false},"excerpt":{"rendered":"<p>Rejoignez-nous Envoie-nous un message NOUS CONTACTER En utilisant le formulaire suivant, vous pouvez entrer en contact avec notre responsable d&rsquo;agence et exprimer votre int&eacute;r&ecirc;t et obtenir plus d&rsquo;informations sur l&rsquo;adh&eacute;sion &agrave; Sentinel. Avantages de rejoindre Sentinelle Sentinel offre une vaste gamme de produits &agrave; nos conseillers et, par ricochet, &agrave; leurs clients. Que vos clients [&hellip;]<\/p>\n","protected":false},"author":2,"featured_media":0,"parent":0,"menu_order":0,"comment_status":"closed","ping_status":"closed","template":"full-width.php","meta":{"_acf_changed":false,"footnotes":""},"class_list":["post-12718","page","type-page","status-publish","hentry"],"acf":[],"yoast_head":"<!-- This site is optimized with the Yoast SEO plugin v24.8.1 - https:\/\/yoast.com\/wordpress\/plugins\/seo\/ -->\n<title>Rejoignez-nous - Sentinel Financial Group<\/title>\n<meta name=\"description\" content=\"Sentinel offre une vaste gamme de produits \u00e0 nos conseillers et, par ricochet, \u00e0 leurs clients. Que vos clients soient int\u00e9ress\u00e9s par les placements, les assurances, les avantages sociaux collectifs ou m\u00eame la pr\u00e9paration de leurs d\u00e9clarations de revenus. Sentinel fournit une source unique d&#039;outils dont vous avez besoin pour \u00e9tablir et maintenir avec succ\u00e8s votre relation avec vos clients.\" \/>\n<meta name=\"robots\" content=\"index, follow, max-snippet:-1, max-image-preview:large, max-video-preview:-1\" \/>\n<link rel=\"canonical\" href=\"https:\/\/sentinelgroup.ca\/fr\/rejoignez-nous\/\" \/>\n<meta property=\"og:locale\" content=\"fr_FR\" \/>\n<meta property=\"og:type\" content=\"article\" \/>\n<meta property=\"og:title\" content=\"Rejoignez-nous - Sentinel Financial Group\" \/>\n<meta property=\"og:description\" content=\"Sentinel offre une vaste gamme de produits \u00e0 nos conseillers et, par ricochet, \u00e0 leurs clients. Que vos clients soient int\u00e9ress\u00e9s par les placements, les assurances, les avantages sociaux collectifs ou m\u00eame la pr\u00e9paration de leurs d\u00e9clarations de revenus. Sentinel fournit une source unique d&#039;outils dont vous avez besoin pour \u00e9tablir et maintenir avec succ\u00e8s votre relation avec vos clients.\" \/>\n<meta property=\"og:url\" content=\"https:\/\/sentinelgroup.ca\/fr\/rejoignez-nous\/\" \/>\n<meta property=\"og:site_name\" content=\"Sentinel Financial Group\" \/>\n<meta property=\"article:publisher\" content=\"https:\/\/www.facebook.com\/SentinelFG\" \/>\n<meta property=\"article:modified_time\" content=\"2022-09-16T15:35:13+00:00\" \/>\n<meta property=\"og:image\" content=\"https:\/\/sentinelgroup.ca\/wp-content\/uploads\/2022\/02\/mail-box.png\" \/>\n<meta name=\"twitter:card\" content=\"summary_large_image\" \/>\n<meta name=\"twitter:site\" content=\"@SentinelFG\" \/>\n<meta name=\"twitter:label1\" content=\"Dur\u00e9e de lecture estim\u00e9e\" \/>\n\t<meta name=\"twitter:data1\" content=\"1 minute\" \/>\n<script type=\"application\/ld+json\" class=\"yoast-schema-graph\">{\"@context\":\"https:\/\/schema.org\",\"@graph\":[{\"@type\":\"WebPage\",\"@id\":\"https:\/\/sentinelgroup.ca\/fr\/rejoignez-nous\/\",\"url\":\"https:\/\/sentinelgroup.ca\/fr\/rejoignez-nous\/\",\"name\":\"Rejoignez-nous - Sentinel Financial Group\",\"isPartOf\":{\"@id\":\"https:\/\/sentinelgroup.ca\/fr\/#website\"},\"primaryImageOfPage\":{\"@id\":\"https:\/\/sentinelgroup.ca\/fr\/rejoignez-nous\/#primaryimage\"},\"image\":{\"@id\":\"https:\/\/sentinelgroup.ca\/fr\/rejoignez-nous\/#primaryimage\"},\"thumbnailUrl\":\"https:\/\/sentinelgroup.ca\/wp-content\/uploads\/2022\/02\/mail-box.png\",\"datePublished\":\"2022-02-11T16:26:51+00:00\",\"dateModified\":\"2022-09-16T15:35:13+00:00\",\"description\":\"Sentinel offre une vaste gamme de produits \u00e0 nos conseillers et, par ricochet, \u00e0 leurs clients. Que vos clients soient int\u00e9ress\u00e9s par les placements, les assurances, les avantages sociaux collectifs ou m\u00eame la pr\u00e9paration de leurs d\u00e9clarations de revenus. Sentinel fournit une source unique d'outils dont vous avez besoin pour \u00e9tablir et maintenir avec succ\u00e8s votre relation avec vos clients.\",\"breadcrumb\":{\"@id\":\"https:\/\/sentinelgroup.ca\/fr\/rejoignez-nous\/#breadcrumb\"},\"inLanguage\":\"fr-FR\",\"potentialAction\":[{\"@type\":\"ReadAction\",\"target\":[\"https:\/\/sentinelgroup.ca\/fr\/rejoignez-nous\/\"]}]},{\"@type\":\"ImageObject\",\"inLanguage\":\"fr-FR\",\"@id\":\"https:\/\/sentinelgroup.ca\/fr\/rejoignez-nous\/#primaryimage\",\"url\":\"https:\/\/sentinelgroup.ca\/wp-content\/uploads\/2022\/02\/mail-box.png\",\"contentUrl\":\"https:\/\/sentinelgroup.ca\/wp-content\/uploads\/2022\/02\/mail-box.png\"},{\"@type\":\"BreadcrumbList\",\"@id\":\"https:\/\/sentinelgroup.ca\/fr\/rejoignez-nous\/#breadcrumb\",\"itemListElement\":[{\"@type\":\"ListItem\",\"position\":1,\"name\":\"Home\",\"item\":\"https:\/\/sentinelgroup.ca\/fr\/accueil\/\"},{\"@type\":\"ListItem\",\"position\":2,\"name\":\"Rejoignez-nous\"}]},{\"@type\":\"WebSite\",\"@id\":\"https:\/\/sentinelgroup.ca\/fr\/#website\",\"url\":\"https:\/\/sentinelgroup.ca\/fr\/\",\"name\":\"Sentinel Financial Group\",\"description\":\"Whether you are exploring opportunities for yourself, your family, a small business, or large corporation, Sentinel can lead the way either through insurance, investments or building equity in personal property. Financial security and independence comes only with a sound plan.\",\"publisher\":{\"@id\":\"https:\/\/sentinelgroup.ca\/fr\/#organization\"},\"potentialAction\":[{\"@type\":\"SearchAction\",\"target\":{\"@type\":\"EntryPoint\",\"urlTemplate\":\"https:\/\/sentinelgroup.ca\/fr\/?s={search_term_string}\"},\"query-input\":{\"@type\":\"PropertyValueSpecification\",\"valueRequired\":true,\"valueName\":\"search_term_string\"}}],\"inLanguage\":\"fr-FR\"},{\"@type\":\"Organization\",\"@id\":\"https:\/\/sentinelgroup.ca\/fr\/#organization\",\"name\":\"Sentinel Financial Group\",\"url\":\"https:\/\/sentinelgroup.ca\/fr\/\",\"logo\":{\"@type\":\"ImageObject\",\"inLanguage\":\"fr-FR\",\"@id\":\"https:\/\/sentinelgroup.ca\/fr\/#\/schema\/logo\/image\/\",\"url\":\"https:\/\/sentinelgroup.ca\/wp-content\/uploads\/2022\/02\/SFG-Logo-500w-e1643753833604.png\",\"contentUrl\":\"https:\/\/sentinelgroup.ca\/wp-content\/uploads\/2022\/02\/SFG-Logo-500w-e1643753833604.png\",\"width\":200,\"height\":90,\"caption\":\"Sentinel Financial Group\"},\"image\":{\"@id\":\"https:\/\/sentinelgroup.ca\/fr\/#\/schema\/logo\/image\/\"},\"sameAs\":[\"https:\/\/www.facebook.com\/SentinelFG\",\"https:\/\/x.com\/SentinelFG\",\"https:\/\/www.linkedin.com\/company\/sentinel-financial-group\"]}]}<\/script>\n<!-- \/ Yoast SEO plugin. -->","yoast_head_json":{"title":"Rejoignez-nous - Sentinel Financial Group","description":"Sentinel offre une vaste gamme de produits \u00e0 nos conseillers et, par ricochet, \u00e0 leurs clients. Que vos clients soient int\u00e9ress\u00e9s par les placements, les assurances, les avantages sociaux collectifs ou m\u00eame la pr\u00e9paration de leurs d\u00e9clarations de revenus. Sentinel fournit une source unique d'outils dont vous avez besoin pour \u00e9tablir et maintenir avec succ\u00e8s votre relation avec vos clients.","robots":{"index":"index","follow":"follow","max-snippet":"max-snippet:-1","max-image-preview":"max-image-preview:large","max-video-preview":"max-video-preview:-1"},"canonical":"https:\/\/sentinelgroup.ca\/fr\/rejoignez-nous\/","og_locale":"fr_FR","og_type":"article","og_title":"Rejoignez-nous - Sentinel Financial Group","og_description":"Sentinel offre une vaste gamme de produits \u00e0 nos conseillers et, par ricochet, \u00e0 leurs clients. Que vos clients soient int\u00e9ress\u00e9s par les placements, les assurances, les avantages sociaux collectifs ou m\u00eame la pr\u00e9paration de leurs d\u00e9clarations de revenus. Sentinel fournit une source unique d'outils dont vous avez besoin pour \u00e9tablir et maintenir avec succ\u00e8s votre relation avec vos clients.","og_url":"https:\/\/sentinelgroup.ca\/fr\/rejoignez-nous\/","og_site_name":"Sentinel Financial Group","article_publisher":"https:\/\/www.facebook.com\/SentinelFG","article_modified_time":"2022-09-16T15:35:13+00:00","og_image":[{"url":"https:\/\/sentinelgroup.ca\/wp-content\/uploads\/2022\/02\/mail-box.png","type":"","width":"","height":""}],"twitter_card":"summary_large_image","twitter_site":"@SentinelFG","twitter_misc":{"Dur\u00e9e de lecture estim\u00e9e":"1 minute"},"schema":{"@context":"https:\/\/schema.org","@graph":[{"@type":"WebPage","@id":"https:\/\/sentinelgroup.ca\/fr\/rejoignez-nous\/","url":"https:\/\/sentinelgroup.ca\/fr\/rejoignez-nous\/","name":"Rejoignez-nous - Sentinel Financial Group","isPartOf":{"@id":"https:\/\/sentinelgroup.ca\/fr\/#website"},"primaryImageOfPage":{"@id":"https:\/\/sentinelgroup.ca\/fr\/rejoignez-nous\/#primaryimage"},"image":{"@id":"https:\/\/sentinelgroup.ca\/fr\/rejoignez-nous\/#primaryimage"},"thumbnailUrl":"https:\/\/sentinelgroup.ca\/wp-content\/uploads\/2022\/02\/mail-box.png","datePublished":"2022-02-11T16:26:51+00:00","dateModified":"2022-09-16T15:35:13+00:00","description":"Sentinel offre une vaste gamme de produits \u00e0 nos conseillers et, par ricochet, \u00e0 leurs clients. Que vos clients soient int\u00e9ress\u00e9s par les placements, les assurances, les avantages sociaux collectifs ou m\u00eame la pr\u00e9paration de leurs d\u00e9clarations de revenus. Sentinel fournit une source unique d'outils dont vous avez besoin pour \u00e9tablir et maintenir avec succ\u00e8s votre relation avec vos clients.","breadcrumb":{"@id":"https:\/\/sentinelgroup.ca\/fr\/rejoignez-nous\/#breadcrumb"},"inLanguage":"fr-FR","potentialAction":[{"@type":"ReadAction","target":["https:\/\/sentinelgroup.ca\/fr\/rejoignez-nous\/"]}]},{"@type":"ImageObject","inLanguage":"fr-FR","@id":"https:\/\/sentinelgroup.ca\/fr\/rejoignez-nous\/#primaryimage","url":"https:\/\/sentinelgroup.ca\/wp-content\/uploads\/2022\/02\/mail-box.png","contentUrl":"https:\/\/sentinelgroup.ca\/wp-content\/uploads\/2022\/02\/mail-box.png"},{"@type":"BreadcrumbList","@id":"https:\/\/sentinelgroup.ca\/fr\/rejoignez-nous\/#breadcrumb","itemListElement":[{"@type":"ListItem","position":1,"name":"Home","item":"https:\/\/sentinelgroup.ca\/fr\/accueil\/"},{"@type":"ListItem","position":2,"name":"Rejoignez-nous"}]},{"@type":"WebSite","@id":"https:\/\/sentinelgroup.ca\/fr\/#website","url":"https:\/\/sentinelgroup.ca\/fr\/","name":"Sentinel Financial Group","description":"Whether you are exploring opportunities for yourself, your family, a small business, or large corporation, Sentinel can lead the way either through insurance, investments or building equity in personal property. Financial security and independence comes only with a sound plan.","publisher":{"@id":"https:\/\/sentinelgroup.ca\/fr\/#organization"},"potentialAction":[{"@type":"SearchAction","target":{"@type":"EntryPoint","urlTemplate":"https:\/\/sentinelgroup.ca\/fr\/?s={search_term_string}"},"query-input":{"@type":"PropertyValueSpecification","valueRequired":true,"valueName":"search_term_string"}}],"inLanguage":"fr-FR"},{"@type":"Organization","@id":"https:\/\/sentinelgroup.ca\/fr\/#organization","name":"Sentinel Financial Group","url":"https:\/\/sentinelgroup.ca\/fr\/","logo":{"@type":"ImageObject","inLanguage":"fr-FR","@id":"https:\/\/sentinelgroup.ca\/fr\/#\/schema\/logo\/image\/","url":"https:\/\/sentinelgroup.ca\/wp-content\/uploads\/2022\/02\/SFG-Logo-500w-e1643753833604.png","contentUrl":"https:\/\/sentinelgroup.ca\/wp-content\/uploads\/2022\/02\/SFG-Logo-500w-e1643753833604.png","width":200,"height":90,"caption":"Sentinel Financial Group"},"image":{"@id":"https:\/\/sentinelgroup.ca\/fr\/#\/schema\/logo\/image\/"},"sameAs":["https:\/\/www.facebook.com\/SentinelFG","https:\/\/x.com\/SentinelFG","https:\/\/www.linkedin.com\/company\/sentinel-financial-group"]}]}},"_links":{"self":[{"href":"https:\/\/sentinelgroup.ca\/fr\/wp-json\/wp\/v2\/pages\/12718","targetHints":{"allow":["GET"]}}],"collection":[{"href":"https:\/\/sentinelgroup.ca\/fr\/wp-json\/wp\/v2\/pages"}],"about":[{"href":"https:\/\/sentinelgroup.ca\/fr\/wp-json\/wp\/v2\/types\/page"}],"author":[{"embeddable":true,"href":"https:\/\/sentinelgroup.ca\/fr\/wp-json\/wp\/v2\/users\/2"}],"replies":[{"embeddable":true,"href":"https:\/\/sentinelgroup.ca\/fr\/wp-json\/wp\/v2\/comments?post=12718"}],"version-history":[{"count":13,"href":"https:\/\/sentinelgroup.ca\/fr\/wp-json\/wp\/v2\/pages\/12718\/revisions"}],"predecessor-version":[{"id":14544,"href":"https:\/\/sentinelgroup.ca\/fr\/wp-json\/wp\/v2\/pages\/12718\/revisions\/14544"}],"wp:attachment":[{"href":"https:\/\/sentinelgroup.ca\/fr\/wp-json\/wp\/v2\/media?parent=12718"}],"curies":[{"name":"wp","href":"https:\/\/api.w.org\/{rel}","templated":true}]}}