{"id":12706,"date":"2022-03-01T18:54:31","date_gmt":"2022-03-01T18:54:31","guid":{"rendered":"https:\/\/sentinelnew.advisornet.org\/avis-de-non-responsabilite\/"},"modified":"2023-08-04T16:02:31","modified_gmt":"2023-08-04T16:02:31","slug":"avis-de-non-responsabilite","status":"publish","type":"page","link":"https:\/\/sentinelgroup.ca\/fr\/avis-de-non-responsabilite\/","title":{"rendered":"Avis de non-responsabilit\u00e9"},"content":{"rendered":"<div data-elementor-type=\"wp-page\" data-elementor-id=\"12706\" class=\"elementor elementor-12706 elementor-9591\" data-elementor-post-type=\"page\">\n\t\t\t\t\t\t<section class=\"elementor-section elementor-top-section elementor-element elementor-element-9150040 elementor-section-height-min-height elementor-section-items-bottom elementor-section-boxed elementor-section-height-default\" data-id=\"9150040\" data-element_type=\"section\" data-settings='{\"background_background\":\"classic\"}'>\n\t\t\t\t\t\t\t<div class=\"elementor-background-overlay\"><\/div>\n\t\t\t\t\t\t\t<div class=\"elementor-container elementor-column-gap-no\">\n\t\t\t\t\t<div class=\"elementor-column elementor-col-100 elementor-top-column elementor-element elementor-element-6791ebf\" data-id=\"6791ebf\" data-element_type=\"column\">\n\t\t\t<div class=\"elementor-widget-wrap elementor-element-populated\">\n\t\t\t\t\t\t<div class=\"elementor-element elementor-element-241875a elementor-widget elementor-widget-heading\" data-id=\"241875a\" data-element_type=\"widget\" data-widget_type=\"heading.default\">\n\t\t\t\t<div class=\"elementor-widget-container\">\n\t\t\t<h1 class=\"elementor-heading-title elementor-size-default\">Avis de non-responsabilit&eacute;<\/h1>\t\t<\/div>\n\t\t\t\t<\/div>\n\t\t\t\t\t<\/div>\n\t\t<\/div>\n\t\t\t\t\t<\/div>\n\t\t<\/section>\n\t\t\t\t<section class=\"elementor-section elementor-top-section elementor-element elementor-element-ff77983 elementor-section-boxed elementor-section-height-default elementor-section-height-default\" data-id=\"ff77983\" data-element_type=\"section\" data-settings='{\"background_background\":\"classic\"}'>\n\t\t\t\t\t\t<div class=\"elementor-container elementor-column-gap-default\">\n\t\t\t\t\t<div class=\"elementor-column elementor-col-100 elementor-top-column elementor-element elementor-element-9ec22a5\" data-id=\"9ec22a5\" data-element_type=\"column\">\n\t\t\t<div class=\"elementor-widget-wrap elementor-element-populated\">\n\t\t\t\t\t\t<div class=\"elementor-element elementor-element-dfd7377 elementor-widget elementor-widget-text-editor\" data-id=\"dfd7377\" data-element_type=\"widget\" data-widget_type=\"text-editor.default\">\n\t\t\t\t<div class=\"elementor-widget-container\">\n\t\t\t\t\t\t\t<p>Les fonds communs de placement et les produits du march&eacute; dispens&eacute; sont offerts par Sentinel Financial Management Corp. Des commissions, des commissions de suivi, des frais de gestion et des d&eacute;penses peuvent tous &ecirc;tre associ&eacute;s aux placements dans des fonds communs de placement et sur les march&eacute;s dispens&eacute;s. Veuillez lire le prospectus simplifi&eacute; ou la notice d&rsquo;offre avant d&rsquo;investir. Les fonds communs de placement et les produits du march&eacute; dispens&eacute; ne sont pas garantis et ne sont pas couverts par la Soci&eacute;t&eacute; d&rsquo;assurance-d&eacute;p&ocirc;ts du Canada ou par tout autre organisme gouvernemental d&rsquo;assurance-d&eacute;p&ocirc;ts. Rien ne garantit que le fonds sera en mesure de maintenir sa valeur liquidative par titre &agrave; un montant constant ou que le montant total de votre placement dans le fonds vous sera rembours&eacute;. Les valeurs des fonds changent fr&eacute;quemment et les performances pass&eacute;es peuvent ne pas se reproduire.<\/p>\n<p>Les fonds d&rsquo;investissement de travailleurs (&laquo; FIT &raquo;) ont des cr&eacute;dits d&rsquo;imp&ocirc;t qui sont assujettis &agrave; certaines conditions et sont g&eacute;n&eacute;ralement assujettis &agrave; une r&eacute;cup&eacute;ration si les actions sont rachet&eacute;es dans les huit ans.<\/p>\n<p>Un investisseur qui propose d&rsquo;emprunter pour l&rsquo;achat de titres doit &ecirc;tre conscient qu&rsquo;un achat avec des fonds emprunt&eacute;s comporte un risque plus &eacute;lev&eacute; qu&rsquo;un achat en utilisant uniquement des liquidit&eacute;s. L&rsquo;&eacute;tendue de ce risque est une d&eacute;termination qui doit &ecirc;tre faite par chaque acheteur et variera selon les circonstances de l&rsquo;acheteur et les titres achet&eacute;s.<\/p>\n<p>Discutez des risques associ&eacute;s aux achats de fonds communs de placement &agrave; effet de levier et\/ou de produits du march&eacute; dispens&eacute; avec un conseiller en fonds de placement avant d&rsquo;investir. Les achats sont soumis &agrave; des exigences d&rsquo;ad&eacute;quation. L&rsquo;utilisation d&rsquo;argent emprunt&eacute; pour financer l&rsquo;achat de titres comporte un risque plus &eacute;lev&eacute; qu&rsquo;un achat en utilisant uniquement des ressources en esp&egrave;ces. Si vous empruntez de l&rsquo;argent pour acheter des titres, votre responsabilit&eacute; de rembourser le pr&ecirc;t et de payer les int&eacute;r&ecirc;ts conform&eacute;ment &agrave; ses conditions demeure la m&ecirc;me si la valeur des titres achet&eacute;s diminue.<\/p>\n<p>Les investisseurs doivent se renseigner sur les valeurs mobili&egrave;res, la fiscalit&eacute; ou la l&eacute;gislation sur le contr&ocirc;le des changes, qui peuvent les affecter personnellement. Ce site Web est uniquement destin&eacute; &agrave; des informations g&eacute;n&eacute;rales et n&rsquo;est pas destin&eacute; &agrave; fournir des conseils personnalis&eacute;s sp&eacute;cifiques, y compris, sans s&rsquo;y limiter, des conseils d&rsquo;investissement, financiers, juridiques, comptables ou fiscaux. Veuillez consulter un professionnel appropri&eacute; concernant votre situation particuli&egrave;re.<\/p>\n<p>Ce site Internet ne constitue pas une offre ou une sollicitation dans toute juridiction dans laquelle une telle offre ou sollicitation n&rsquo;est pas autoris&eacute;e ou &agrave; toute personne &agrave; qui il est ill&eacute;gal de faire une telle offre ou sollicitation.<\/p>\n<p>Votre (vos) conseiller(s) Sentinel Financial Management Corp &laquo;&nbsp;SFMC&nbsp;&raquo; est (sont) un (des) conseiller(s) en fonds d&rsquo;investissement[and may be licensed for the sale of life insurance] . Votre ou vos conseillers SFMC peuvent &ecirc;tre enregistr&eacute;s aupr&egrave;s d&rsquo;organisations distinctes pour chaque objectif et, &agrave; ce titre, vous pouvez traiter avec plus d&rsquo;une entit&eacute; en fonction des produits achet&eacute;s. Votre ou vos conseillers SFMC fourniront le nom de l&rsquo;entit&eacute; repr&eacute;sent&eacute;e lors de l&rsquo;exercice d&rsquo;une activit&eacute; d&rsquo;assurance. La vente de produits d&rsquo;assurance ne peut pas &ecirc;tre l&rsquo;activit&eacute; ou sous la supervision de la SFMC et la SFMC ne peut &ecirc;tre tenue responsable de ces activit&eacute;s.<\/p>\n<p>Toutes les ventes de produits non approuv&eacute;s par la SFMC par votre ou vos conseillers SFMC ne se font pas en qualit&eacute; d&rsquo;employ&eacute; ou d&rsquo;agent de la SFMC. En cons&eacute;quence, SFMC n&rsquo;est pas responsable et\/ou responsable des produits non approuv&eacute;s par SFMC. Ces ventes de produits non approuv&eacute;s par la SFMC rel&egrave;vent de la seule responsabilit&eacute; de votre ou vos conseillers SFMC.<\/p>\n<p>Les r&eacute;f&eacute;rences dans ce site Internet &agrave; des biens ou services de tiers ne doivent pas &ecirc;tre consid&eacute;r&eacute;es comme une approbation de ces biens ou services. En acc&eacute;dant &agrave; l&rsquo;un des liens fournis, vous quitterez le site de Sentinel Financial Group. Vos conseillers du Groupe Financier Sentinelle ne sont pas responsables des informations contenues sur ces sites Web.<\/p>\n<p>Les informations contenues sur ce site Internet sont uniquement &agrave; des fins d&rsquo;information g&eacute;n&eacute;rale et sont l&rsquo;opinion des propri&eacute;taires et des auteurs. Ces informations ne sont pas destin&eacute;es &agrave; fournir des conseils personnalis&eacute;s sp&eacute;cifiques, y compris, sans s&rsquo;y limiter, des conseils d&rsquo;investissement, financiers, d&rsquo;assurance, juridiques, comptables ou fiscaux. Cependant, veuillez appeler votre ou vos conseillers du Groupe Financier Sentinelle pour discuter de votre situation particuli&egrave;re.<\/p>\n<p>Ce site Web est destin&eacute; aux r&eacute;sidents canadiens seulement et les informations qu&rsquo;il contient peuvent &ecirc;tre modifi&eacute;es sans pr&eacute;avis. Le propri&eacute;taire et l&rsquo;&eacute;diteur de ce site Internet d&eacute;clinent toute responsabilit&eacute; en cas d&rsquo;inexactitude des informations fournies.<\/p>\n\t\t\t\t\t\t<\/div>\n\t\t\t\t<\/div>\n\t\t\t\t\t<\/div>\n\t\t<\/div>\n\t\t\t\t\t<\/div>\n\t\t<\/section>\n\t\t\t\t<section class=\"elementor-section elementor-top-section elementor-element elementor-element-0e5272a elementor-section-boxed elementor-section-height-default elementor-section-height-default\" data-id=\"0e5272a\" data-element_type=\"section\" data-settings='{\"background_background\":\"classic\"}'>\n\t\t\t\t\t\t<div class=\"elementor-container elementor-column-gap-default\">\n\t\t\t\t\t<div class=\"elementor-column elementor-col-100 elementor-top-column elementor-element elementor-element-c2293fc\" data-id=\"c2293fc\" data-element_type=\"column\">\n\t\t\t<div class=\"elementor-widget-wrap elementor-element-populated\">\n\t\t\t\t\t\t<div class=\"elementor-element elementor-element-e2a0cf2 elementor-widget__width-inherit elementor-widget elementor-widget-global elementor-global-15066 elementor-global-15063 elementor-widget-image\" data-id=\"e2a0cf2\" data-element_type=\"widget\" data-widget_type=\"image.default\">\n\t\t\t\t<div class=\"elementor-widget-container\">\n\t\t\t\t\t\t\t\t\t\t\t\t\t\t<a href=\"https:\/\/ciro.ca\" target=\"_blank\">\n\t\t\t\t\t\t\t<img decoding=\"async\" width=\"417\" height=\"108\" src=\"https:\/\/sentinelgroup.ca\/wp-content\/uploads\/2023\/07\/CIRO_Regulated_Dark.png\" class=\"attachment-large size-large wp-image-14968\" alt=\"CIRO\" srcset=\"https:\/\/sentinelgroup.ca\/wp-content\/uploads\/2023\/07\/CIRO_Regulated_Dark.png 417w, https:\/\/sentinelgroup.ca\/wp-content\/uploads\/2023\/07\/CIRO_Regulated_Dark-300x78.png 300w\" sizes=\"(max-width: 417px) 100vw, 417px\"\/>\t\t\t\t\t\t\t\t<\/a>\n\t\t\t\t\t\t\t\t\t\t\t\t\t<\/div>\n\t\t\t\t<\/div>\n\t\t\t\t\t<\/div>\n\t\t<\/div>\n\t\t\t\t\t<\/div>\n\t\t<\/section>\n\t\t\t\t<\/div>\n\t\t","protected":false},"excerpt":{"rendered":"<p>Avis de non-responsabilit&eacute; Les fonds communs de placement et les produits du march&eacute; dispens&eacute; sont offerts par Sentinel Financial Management Corp. Des commissions, des commissions de suivi, des frais de gestion et des d&eacute;penses peuvent tous &ecirc;tre associ&eacute;s aux placements dans des fonds communs de placement et sur les march&eacute;s dispens&eacute;s. Veuillez lire le prospectus [&hellip;]<\/p>\n","protected":false},"author":2,"featured_media":0,"parent":0,"menu_order":0,"comment_status":"closed","ping_status":"closed","template":"full-width.php","meta":{"_acf_changed":false,"footnotes":""},"class_list":["post-12706","page","type-page","status-publish","hentry"],"acf":[],"yoast_head":"<!-- This site is optimized with the Yoast SEO plugin v24.8.1 - https:\/\/yoast.com\/wordpress\/plugins\/seo\/ -->\n<title>Avis de non-responsabilit\u00e9 - Sentinel Financial Group<\/title>\n<meta name=\"description\" content=\"Une excellente combinaison de confiance, de simplicit\u00e9 et de cr\u00e9ativit\u00e9 est ce \u00e0 quoi un site web de comptable devrait ressembler, et nous venons de le mettre en \u0153uvre dans le mod\u00e8le de site web de comptable de Jupiter X WP Theme,\" \/>\n<meta name=\"robots\" content=\"index, follow, max-snippet:-1, max-image-preview:large, max-video-preview:-1\" \/>\n<link rel=\"canonical\" href=\"https:\/\/sentinelgroup.ca\/fr\/avis-de-non-responsabilite\/\" \/>\n<meta property=\"og:locale\" content=\"fr_FR\" \/>\n<meta property=\"og:type\" content=\"article\" \/>\n<meta property=\"og:title\" content=\"Avis de non-responsabilit\u00e9 - Sentinel Financial Group\" \/>\n<meta property=\"og:description\" content=\"Une excellente combinaison de confiance, de simplicit\u00e9 et de cr\u00e9ativit\u00e9 est ce \u00e0 quoi un site web de comptable devrait ressembler, et nous venons de le mettre en \u0153uvre dans le mod\u00e8le de site web de comptable de Jupiter X WP Theme,\" \/>\n<meta property=\"og:url\" content=\"https:\/\/sentinelgroup.ca\/fr\/avis-de-non-responsabilite\/\" \/>\n<meta property=\"og:site_name\" content=\"Sentinel Financial Group\" \/>\n<meta property=\"article:publisher\" content=\"https:\/\/www.facebook.com\/SentinelFG\" \/>\n<meta property=\"article:modified_time\" content=\"2023-08-04T16:02:31+00:00\" \/>\n<meta property=\"og:image\" content=\"https:\/\/sentinelgroup.ca\/wp-content\/uploads\/2023\/07\/CIRO_Regulated_Dark.png\" \/>\n<meta name=\"twitter:card\" content=\"summary_large_image\" \/>\n<meta name=\"twitter:site\" content=\"@SentinelFG\" \/>\n<meta name=\"twitter:label1\" content=\"Dur\u00e9e de lecture estim\u00e9e\" \/>\n\t<meta name=\"twitter:data1\" content=\"4 minutes\" \/>\n<script type=\"application\/ld+json\" class=\"yoast-schema-graph\">{\"@context\":\"https:\/\/schema.org\",\"@graph\":[{\"@type\":\"WebPage\",\"@id\":\"https:\/\/sentinelgroup.ca\/fr\/avis-de-non-responsabilite\/\",\"url\":\"https:\/\/sentinelgroup.ca\/fr\/avis-de-non-responsabilite\/\",\"name\":\"Avis de non-responsabilit\u00e9 - Sentinel Financial Group\",\"isPartOf\":{\"@id\":\"https:\/\/sentinelgroup.ca\/fr\/#website\"},\"primaryImageOfPage\":{\"@id\":\"https:\/\/sentinelgroup.ca\/fr\/avis-de-non-responsabilite\/#primaryimage\"},\"image\":{\"@id\":\"https:\/\/sentinelgroup.ca\/fr\/avis-de-non-responsabilite\/#primaryimage\"},\"thumbnailUrl\":\"https:\/\/sentinelgroup.ca\/wp-content\/uploads\/2023\/07\/CIRO_Regulated_Dark.png\",\"datePublished\":\"2022-03-01T18:54:31+00:00\",\"dateModified\":\"2023-08-04T16:02:31+00:00\",\"description\":\"Une excellente combinaison de confiance, de simplicit\u00e9 et de cr\u00e9ativit\u00e9 est ce \u00e0 quoi un site web de comptable devrait ressembler, et nous venons de le mettre en \u0153uvre dans le mod\u00e8le de site web de comptable de Jupiter X WP Theme,\",\"breadcrumb\":{\"@id\":\"https:\/\/sentinelgroup.ca\/fr\/avis-de-non-responsabilite\/#breadcrumb\"},\"inLanguage\":\"fr-FR\",\"potentialAction\":[{\"@type\":\"ReadAction\",\"target\":[\"https:\/\/sentinelgroup.ca\/fr\/avis-de-non-responsabilite\/\"]}]},{\"@type\":\"ImageObject\",\"inLanguage\":\"fr-FR\",\"@id\":\"https:\/\/sentinelgroup.ca\/fr\/avis-de-non-responsabilite\/#primaryimage\",\"url\":\"https:\/\/sentinelgroup.ca\/wp-content\/uploads\/2023\/07\/CIRO_Regulated_Dark.png\",\"contentUrl\":\"https:\/\/sentinelgroup.ca\/wp-content\/uploads\/2023\/07\/CIRO_Regulated_Dark.png\"},{\"@type\":\"BreadcrumbList\",\"@id\":\"https:\/\/sentinelgroup.ca\/fr\/avis-de-non-responsabilite\/#breadcrumb\",\"itemListElement\":[{\"@type\":\"ListItem\",\"position\":1,\"name\":\"Home\",\"item\":\"https:\/\/sentinelgroup.ca\/fr\/accueil\/\"},{\"@type\":\"ListItem\",\"position\":2,\"name\":\"Avis de non-responsabilit\u00e9\"}]},{\"@type\":\"WebSite\",\"@id\":\"https:\/\/sentinelgroup.ca\/fr\/#website\",\"url\":\"https:\/\/sentinelgroup.ca\/fr\/\",\"name\":\"Sentinel Financial Group\",\"description\":\"Whether you are exploring opportunities for yourself, your family, a small business, or large corporation, Sentinel can lead the way either through insurance, investments or building equity in personal property. Financial security and independence comes only with a sound plan.\",\"publisher\":{\"@id\":\"https:\/\/sentinelgroup.ca\/fr\/#organization\"},\"potentialAction\":[{\"@type\":\"SearchAction\",\"target\":{\"@type\":\"EntryPoint\",\"urlTemplate\":\"https:\/\/sentinelgroup.ca\/fr\/?s={search_term_string}\"},\"query-input\":{\"@type\":\"PropertyValueSpecification\",\"valueRequired\":true,\"valueName\":\"search_term_string\"}}],\"inLanguage\":\"fr-FR\"},{\"@type\":\"Organization\",\"@id\":\"https:\/\/sentinelgroup.ca\/fr\/#organization\",\"name\":\"Sentinel Financial Group\",\"url\":\"https:\/\/sentinelgroup.ca\/fr\/\",\"logo\":{\"@type\":\"ImageObject\",\"inLanguage\":\"fr-FR\",\"@id\":\"https:\/\/sentinelgroup.ca\/fr\/#\/schema\/logo\/image\/\",\"url\":\"https:\/\/sentinelgroup.ca\/wp-content\/uploads\/2022\/02\/SFG-Logo-500w-e1643753833604.png\",\"contentUrl\":\"https:\/\/sentinelgroup.ca\/wp-content\/uploads\/2022\/02\/SFG-Logo-500w-e1643753833604.png\",\"width\":200,\"height\":90,\"caption\":\"Sentinel Financial Group\"},\"image\":{\"@id\":\"https:\/\/sentinelgroup.ca\/fr\/#\/schema\/logo\/image\/\"},\"sameAs\":[\"https:\/\/www.facebook.com\/SentinelFG\",\"https:\/\/x.com\/SentinelFG\",\"https:\/\/www.linkedin.com\/company\/sentinel-financial-group\"]}]}<\/script>\n<!-- \/ Yoast SEO plugin. -->","yoast_head_json":{"title":"Avis de non-responsabilit\u00e9 - Sentinel Financial Group","description":"Une excellente combinaison de confiance, de simplicit\u00e9 et de cr\u00e9ativit\u00e9 est ce \u00e0 quoi un site web de comptable devrait ressembler, et nous venons de le mettre en \u0153uvre dans le mod\u00e8le de site web de comptable de Jupiter X WP Theme,","robots":{"index":"index","follow":"follow","max-snippet":"max-snippet:-1","max-image-preview":"max-image-preview:large","max-video-preview":"max-video-preview:-1"},"canonical":"https:\/\/sentinelgroup.ca\/fr\/avis-de-non-responsabilite\/","og_locale":"fr_FR","og_type":"article","og_title":"Avis de non-responsabilit\u00e9 - Sentinel Financial Group","og_description":"Une excellente combinaison de confiance, de simplicit\u00e9 et de cr\u00e9ativit\u00e9 est ce \u00e0 quoi un site web de comptable devrait ressembler, et nous venons de le mettre en \u0153uvre dans le mod\u00e8le de site web de comptable de Jupiter X WP Theme,","og_url":"https:\/\/sentinelgroup.ca\/fr\/avis-de-non-responsabilite\/","og_site_name":"Sentinel Financial Group","article_publisher":"https:\/\/www.facebook.com\/SentinelFG","article_modified_time":"2023-08-04T16:02:31+00:00","og_image":[{"url":"https:\/\/sentinelgroup.ca\/wp-content\/uploads\/2023\/07\/CIRO_Regulated_Dark.png","type":"","width":"","height":""}],"twitter_card":"summary_large_image","twitter_site":"@SentinelFG","twitter_misc":{"Dur\u00e9e de lecture estim\u00e9e":"4 minutes"},"schema":{"@context":"https:\/\/schema.org","@graph":[{"@type":"WebPage","@id":"https:\/\/sentinelgroup.ca\/fr\/avis-de-non-responsabilite\/","url":"https:\/\/sentinelgroup.ca\/fr\/avis-de-non-responsabilite\/","name":"Avis de non-responsabilit\u00e9 - Sentinel Financial Group","isPartOf":{"@id":"https:\/\/sentinelgroup.ca\/fr\/#website"},"primaryImageOfPage":{"@id":"https:\/\/sentinelgroup.ca\/fr\/avis-de-non-responsabilite\/#primaryimage"},"image":{"@id":"https:\/\/sentinelgroup.ca\/fr\/avis-de-non-responsabilite\/#primaryimage"},"thumbnailUrl":"https:\/\/sentinelgroup.ca\/wp-content\/uploads\/2023\/07\/CIRO_Regulated_Dark.png","datePublished":"2022-03-01T18:54:31+00:00","dateModified":"2023-08-04T16:02:31+00:00","description":"Une excellente combinaison de confiance, de simplicit\u00e9 et de cr\u00e9ativit\u00e9 est ce \u00e0 quoi un site web de comptable devrait ressembler, et nous venons de le mettre en \u0153uvre dans le mod\u00e8le de site web de comptable de Jupiter X WP Theme,","breadcrumb":{"@id":"https:\/\/sentinelgroup.ca\/fr\/avis-de-non-responsabilite\/#breadcrumb"},"inLanguage":"fr-FR","potentialAction":[{"@type":"ReadAction","target":["https:\/\/sentinelgroup.ca\/fr\/avis-de-non-responsabilite\/"]}]},{"@type":"ImageObject","inLanguage":"fr-FR","@id":"https:\/\/sentinelgroup.ca\/fr\/avis-de-non-responsabilite\/#primaryimage","url":"https:\/\/sentinelgroup.ca\/wp-content\/uploads\/2023\/07\/CIRO_Regulated_Dark.png","contentUrl":"https:\/\/sentinelgroup.ca\/wp-content\/uploads\/2023\/07\/CIRO_Regulated_Dark.png"},{"@type":"BreadcrumbList","@id":"https:\/\/sentinelgroup.ca\/fr\/avis-de-non-responsabilite\/#breadcrumb","itemListElement":[{"@type":"ListItem","position":1,"name":"Home","item":"https:\/\/sentinelgroup.ca\/fr\/accueil\/"},{"@type":"ListItem","position":2,"name":"Avis de non-responsabilit\u00e9"}]},{"@type":"WebSite","@id":"https:\/\/sentinelgroup.ca\/fr\/#website","url":"https:\/\/sentinelgroup.ca\/fr\/","name":"Sentinel Financial Group","description":"Whether you are exploring opportunities for yourself, your family, a small business, or large corporation, Sentinel can lead the way either through insurance, investments or building equity in personal property. Financial security and independence comes only with a sound plan.","publisher":{"@id":"https:\/\/sentinelgroup.ca\/fr\/#organization"},"potentialAction":[{"@type":"SearchAction","target":{"@type":"EntryPoint","urlTemplate":"https:\/\/sentinelgroup.ca\/fr\/?s={search_term_string}"},"query-input":{"@type":"PropertyValueSpecification","valueRequired":true,"valueName":"search_term_string"}}],"inLanguage":"fr-FR"},{"@type":"Organization","@id":"https:\/\/sentinelgroup.ca\/fr\/#organization","name":"Sentinel Financial Group","url":"https:\/\/sentinelgroup.ca\/fr\/","logo":{"@type":"ImageObject","inLanguage":"fr-FR","@id":"https:\/\/sentinelgroup.ca\/fr\/#\/schema\/logo\/image\/","url":"https:\/\/sentinelgroup.ca\/wp-content\/uploads\/2022\/02\/SFG-Logo-500w-e1643753833604.png","contentUrl":"https:\/\/sentinelgroup.ca\/wp-content\/uploads\/2022\/02\/SFG-Logo-500w-e1643753833604.png","width":200,"height":90,"caption":"Sentinel Financial Group"},"image":{"@id":"https:\/\/sentinelgroup.ca\/fr\/#\/schema\/logo\/image\/"},"sameAs":["https:\/\/www.facebook.com\/SentinelFG","https:\/\/x.com\/SentinelFG","https:\/\/www.linkedin.com\/company\/sentinel-financial-group"]}]}},"_links":{"self":[{"href":"https:\/\/sentinelgroup.ca\/fr\/wp-json\/wp\/v2\/pages\/12706","targetHints":{"allow":["GET"]}}],"collection":[{"href":"https:\/\/sentinelgroup.ca\/fr\/wp-json\/wp\/v2\/pages"}],"about":[{"href":"https:\/\/sentinelgroup.ca\/fr\/wp-json\/wp\/v2\/types\/page"}],"author":[{"embeddable":true,"href":"https:\/\/sentinelgroup.ca\/fr\/wp-json\/wp\/v2\/users\/2"}],"replies":[{"embeddable":true,"href":"https:\/\/sentinelgroup.ca\/fr\/wp-json\/wp\/v2\/comments?post=12706"}],"version-history":[{"count":9,"href":"https:\/\/sentinelgroup.ca\/fr\/wp-json\/wp\/v2\/pages\/12706\/revisions"}],"predecessor-version":[{"id":15116,"href":"https:\/\/sentinelgroup.ca\/fr\/wp-json\/wp\/v2\/pages\/12706\/revisions\/15116"}],"wp:attachment":[{"href":"https:\/\/sentinelgroup.ca\/fr\/wp-json\/wp\/v2\/media?parent=12706"}],"curies":[{"name":"wp","href":"https:\/\/api.w.org\/{rel}","templated":true}]}}