{"id":12704,"date":"2022-02-11T16:15:44","date_gmt":"2022-02-11T16:15:44","guid":{"rendered":"https:\/\/sentinelnew.advisornet.org\/pourquoi-faire-appel-a-un-conseiller\/"},"modified":"2023-08-04T17:13:25","modified_gmt":"2023-08-04T17:13:25","slug":"pourquoi-faire-appel-a-un-conseiller","status":"publish","type":"page","link":"https:\/\/sentinelgroup.ca\/fr\/pourquoi-faire-appel-a-un-conseiller\/","title":{"rendered":"Pourquoi faire appel \u00e0 un conseiller ?"},"content":{"rendered":"<div data-elementor-type=\"wp-page\" data-elementor-id=\"12704\" class=\"elementor elementor-12704 elementor-4050\" data-elementor-post-type=\"page\">\n\t\t\t\t\t\t<section class=\"elementor-section elementor-top-section elementor-element elementor-element-9150040 elementor-section-full_width elementor-section-height-default elementor-section-height-default\" data-id=\"9150040\" data-element_type=\"section\" data-settings='{\"background_background\":\"classic\"}'>\n\t\t\t\t\t\t\t<div class=\"elementor-background-overlay\"><\/div>\n\t\t\t\t\t\t\t<div class=\"elementor-container elementor-column-gap-default\">\n\t\t\t\t\t<div class=\"elementor-column elementor-col-100 elementor-top-column elementor-element elementor-element-6791ebf\" data-id=\"6791ebf\" data-element_type=\"column\">\n\t\t\t<div class=\"elementor-widget-wrap elementor-element-populated\">\n\t\t\t\t\t\t<div class=\"elementor-element elementor-element-241875a elementor-widget elementor-widget-heading\" data-id=\"241875a\" data-element_type=\"widget\" data-widget_type=\"heading.default\">\n\t\t\t\t<div class=\"elementor-widget-container\">\n\t\t\t<h2 class=\"elementor-heading-title elementor-size-medium\">Pourquoi faire appel &agrave; un conseiller ?<\/h2>\t\t<\/div>\n\t\t\t\t<\/div>\n\t\t\t\t\t<\/div>\n\t\t<\/div>\n\t\t\t\t\t<\/div>\n\t\t<\/section>\n\t\t\t\t<section class=\"elementor-section elementor-top-section elementor-element elementor-element-7269ff1 elementor-section-boxed elementor-section-height-default elementor-section-height-default\" data-id=\"7269ff1\" data-element_type=\"section\">\n\t\t\t\t\t\t<div class=\"elementor-container elementor-column-gap-default\">\n\t\t\t\t\t<div class=\"elementor-column elementor-col-50 elementor-top-column elementor-element elementor-element-e9035ce\" data-id=\"e9035ce\" data-element_type=\"column\">\n\t\t\t<div class=\"elementor-widget-wrap elementor-element-populated\">\n\t\t\t\t\t\t<div class=\"elementor-element elementor-element-29315a4 elementor-widget elementor-widget-text-editor\" data-id=\"29315a4\" data-element_type=\"widget\" data-widget_type=\"text-editor.default\">\n\t\t\t\t<div class=\"elementor-widget-container\">\n\t\t\t\t\t\t\t<p>Lorsqu&rsquo;il s&rsquo;agit de transactions financi&egrave;res, un conseiller peut vous fournir la clart&eacute; et les informations dont vous avez besoin pour r&eacute;ussir dans l&rsquo;atteinte de votre objectif.<\/p>\n<p>Les conseillers peuvent vous guider sur les produits les mieux adapt&eacute;s &agrave; vos besoins, objectifs et tol&eacute;rance au risque.<\/p>\n<p>Les conseillers sont bien inform&eacute;s sur les produits et services qu&rsquo;ils offrent et peuvent fournir un premier point de contact indispensable lorsque vous avez une question ou une pr&eacute;occupation.<\/p>\n<p>Un conseiller est l&agrave; pour vous aider en cas de besoin.<\/p>\n<ul>\n<li>Vous souhaitez investir et faire fructifier votre patrimoine ?<\/li>\n<li>Besoin de planifier votre retraite?<\/li>\n<li>Vous avez peut-&ecirc;tre besoin de souscrire une police d&rsquo;assurance pour vous prot&eacute;ger, vous et vos proches&nbsp;?<\/li>\n<\/ul>\n<p>Un conseiller Sentinel peut vous aider avec cela et plus encore&nbsp;!<\/p>\n<p>Que vous soyez un particulier ou une entreprise, un conseiller peut vous apporter l&rsquo;aide dont vous avez tant besoin.<\/p>\n\t\t\t\t\t\t<\/div>\n\t\t\t\t<\/div>\n\t\t\t\t\t<\/div>\n\t\t<\/div>\n\t\t\t\t<div class=\"elementor-column elementor-col-50 elementor-top-column elementor-element elementor-element-890a982\" data-id=\"890a982\" data-element_type=\"column\">\n\t\t\t<div class=\"elementor-widget-wrap elementor-element-populated\">\n\t\t\t\t\t\t<div class=\"elementor-element elementor-element-0d6867c elementor-widget elementor-widget-image\" data-id=\"0d6867c\" data-element_type=\"widget\" data-widget_type=\"image.default\">\n\t\t\t\t<div class=\"elementor-widget-container\">\n\t\t\t\t\t\t\t\t\t\t\t\t\t<img fetchpriority=\"high\" decoding=\"async\" width=\"1024\" height=\"576\" src=\"https:\/\/sentinelgroup.ca\/wp-content\/uploads\/2022\/02\/home1-1024x576.jpg\" class=\"attachment-large size-large wp-image-12567\" alt=\"Pourquoi utiliser un conseiller\" srcset=\"https:\/\/sentinelgroup.ca\/wp-content\/uploads\/2022\/02\/home1-1024x576.jpg 1024w, https:\/\/sentinelgroup.ca\/wp-content\/uploads\/2022\/02\/home1-300x169.jpg 300w, https:\/\/sentinelgroup.ca\/wp-content\/uploads\/2022\/02\/home1-768x432.jpg 768w, https:\/\/sentinelgroup.ca\/wp-content\/uploads\/2022\/02\/home1-1536x864.jpg 1536w, https:\/\/sentinelgroup.ca\/wp-content\/uploads\/2022\/02\/home1.jpg 1920w\" sizes=\"(max-width: 1024px) 100vw, 1024px\"\/>\t\t\t\t\t\t\t\t\t\t\t\t\t<\/div>\n\t\t\t\t<\/div>\n\t\t\t\t\t<\/div>\n\t\t<\/div>\n\t\t\t\t\t<\/div>\n\t\t<\/section>\n\t\t\t\t<section class=\"elementor-section elementor-top-section elementor-element elementor-element-bf568d0 elementor-section-boxed elementor-section-height-default elementor-section-height-default\" data-id=\"bf568d0\" data-element_type=\"section\" data-settings='{\"background_background\":\"classic\"}'>\n\t\t\t\t\t\t<div class=\"elementor-container elementor-column-gap-default\">\n\t\t\t\t\t<div class=\"elementor-column elementor-col-100 elementor-top-column elementor-element elementor-element-0094ab5\" data-id=\"0094ab5\" data-element_type=\"column\">\n\t\t\t<div class=\"elementor-widget-wrap elementor-element-populated\">\n\t\t\t\t\t\t<div class=\"elementor-element elementor-element-57efd64 elementor-widget__width-inherit elementor-widget elementor-widget-global elementor-global-15066 elementor-global-15063 elementor-widget-image\" data-id=\"57efd64\" data-element_type=\"widget\" data-widget_type=\"image.default\">\n\t\t\t\t<div class=\"elementor-widget-container\">\n\t\t\t\t\t\t\t\t\t\t\t\t\t\t<a href=\"https:\/\/ciro.ca\" target=\"_blank\">\n\t\t\t\t\t\t\t<img decoding=\"async\" width=\"417\" height=\"108\" src=\"https:\/\/sentinelgroup.ca\/wp-content\/uploads\/2023\/07\/CIRO_Regulated_Dark.png\" class=\"attachment-large size-large wp-image-14968\" alt=\"CIRO\" srcset=\"https:\/\/sentinelgroup.ca\/wp-content\/uploads\/2023\/07\/CIRO_Regulated_Dark.png 417w, https:\/\/sentinelgroup.ca\/wp-content\/uploads\/2023\/07\/CIRO_Regulated_Dark-300x78.png 300w\" sizes=\"(max-width: 417px) 100vw, 417px\"\/>\t\t\t\t\t\t\t\t<\/a>\n\t\t\t\t\t\t\t\t\t\t\t\t\t<\/div>\n\t\t\t\t<\/div>\n\t\t\t\t\t<\/div>\n\t\t<\/div>\n\t\t\t\t\t<\/div>\n\t\t<\/section>\n\t\t\t\t<\/div>\n\t\t","protected":false},"excerpt":{"rendered":"<p>Pourquoi faire appel &agrave; un conseiller ? Lorsqu&rsquo;il s&rsquo;agit de transactions financi&egrave;res, un conseiller peut vous fournir la clart&eacute; et les informations dont vous avez besoin pour r&eacute;ussir dans l&rsquo;atteinte de votre objectif. Les conseillers peuvent vous guider sur les produits les mieux adapt&eacute;s &agrave; vos besoins, objectifs et tol&eacute;rance au risque. Les conseillers sont [&hellip;]<\/p>\n","protected":false},"author":2,"featured_media":0,"parent":0,"menu_order":0,"comment_status":"closed","ping_status":"closed","template":"full-width.php","meta":{"_acf_changed":false,"footnotes":""},"class_list":["post-12704","page","type-page","status-publish","hentry"],"acf":[],"yoast_head":"<!-- This site is optimized with the Yoast SEO plugin v24.8.1 - https:\/\/yoast.com\/wordpress\/plugins\/seo\/ -->\n<title>Pourquoi faire appel \u00e0 un conseiller - Sentinel Financial Group<\/title>\n<meta name=\"description\" content=\"Lorsqu&#039;il s&#039;agit de transactions financi\u00e8res, un conseiller peut vous fournir la clart\u00e9 et les informations dont vous avez besoin pour r\u00e9ussir dans l&#039;atteinte de votre objectif. Les conseillers peuvent vous guider sur les produits les mieux adapt\u00e9s \u00e0 vos besoins, objectifs et tol\u00e9rance au risque.\" \/>\n<meta name=\"robots\" content=\"index, follow, max-snippet:-1, max-image-preview:large, max-video-preview:-1\" \/>\n<link rel=\"canonical\" href=\"https:\/\/sentinelgroup.ca\/fr\/pourquoi-faire-appel-a-un-conseiller\/\" \/>\n<meta property=\"og:locale\" content=\"fr_FR\" \/>\n<meta property=\"og:type\" content=\"article\" \/>\n<meta property=\"og:title\" content=\"Pourquoi faire appel \u00e0 un conseiller - Sentinel Financial Group\" \/>\n<meta property=\"og:description\" content=\"Lorsqu&#039;il s&#039;agit de transactions financi\u00e8res, un conseiller peut vous fournir la clart\u00e9 et les informations dont vous avez besoin pour r\u00e9ussir dans l&#039;atteinte de votre objectif. Les conseillers peuvent vous guider sur les produits les mieux adapt\u00e9s \u00e0 vos besoins, objectifs et tol\u00e9rance au risque.\" \/>\n<meta property=\"og:url\" content=\"https:\/\/sentinelgroup.ca\/fr\/pourquoi-faire-appel-a-un-conseiller\/\" \/>\n<meta property=\"og:site_name\" content=\"Sentinel Financial Group\" \/>\n<meta property=\"article:publisher\" content=\"https:\/\/www.facebook.com\/SentinelFG\" \/>\n<meta property=\"article:modified_time\" content=\"2023-08-04T17:13:25+00:00\" \/>\n<meta property=\"og:image\" content=\"https:\/\/sentinelgroup.ca\/wp-content\/uploads\/2022\/02\/home1-1024x576.jpg\" \/>\n<meta name=\"twitter:card\" content=\"summary_large_image\" \/>\n<meta name=\"twitter:site\" content=\"@SentinelFG\" \/>\n<meta name=\"twitter:label1\" content=\"Dur\u00e9e de lecture estim\u00e9e\" \/>\n\t<meta name=\"twitter:data1\" content=\"1 minute\" \/>\n<script type=\"application\/ld+json\" class=\"yoast-schema-graph\">{\"@context\":\"https:\/\/schema.org\",\"@graph\":[{\"@type\":\"WebPage\",\"@id\":\"https:\/\/sentinelgroup.ca\/fr\/pourquoi-faire-appel-a-un-conseiller\/\",\"url\":\"https:\/\/sentinelgroup.ca\/fr\/pourquoi-faire-appel-a-un-conseiller\/\",\"name\":\"Pourquoi faire appel \u00e0 un conseiller - Sentinel Financial Group\",\"isPartOf\":{\"@id\":\"https:\/\/sentinelgroup.ca\/fr\/#website\"},\"primaryImageOfPage\":{\"@id\":\"https:\/\/sentinelgroup.ca\/fr\/pourquoi-faire-appel-a-un-conseiller\/#primaryimage\"},\"image\":{\"@id\":\"https:\/\/sentinelgroup.ca\/fr\/pourquoi-faire-appel-a-un-conseiller\/#primaryimage\"},\"thumbnailUrl\":\"https:\/\/sentinelgroup.ca\/wp-content\/uploads\/2022\/02\/home1-1024x576.jpg\",\"datePublished\":\"2022-02-11T16:15:44+00:00\",\"dateModified\":\"2023-08-04T17:13:25+00:00\",\"description\":\"Lorsqu'il s'agit de transactions financi\u00e8res, un conseiller peut vous fournir la clart\u00e9 et les informations dont vous avez besoin pour r\u00e9ussir dans l'atteinte de votre objectif. Les conseillers peuvent vous guider sur les produits les mieux adapt\u00e9s \u00e0 vos besoins, objectifs et tol\u00e9rance au risque.\",\"breadcrumb\":{\"@id\":\"https:\/\/sentinelgroup.ca\/fr\/pourquoi-faire-appel-a-un-conseiller\/#breadcrumb\"},\"inLanguage\":\"fr-FR\",\"potentialAction\":[{\"@type\":\"ReadAction\",\"target\":[\"https:\/\/sentinelgroup.ca\/fr\/pourquoi-faire-appel-a-un-conseiller\/\"]}]},{\"@type\":\"ImageObject\",\"inLanguage\":\"fr-FR\",\"@id\":\"https:\/\/sentinelgroup.ca\/fr\/pourquoi-faire-appel-a-un-conseiller\/#primaryimage\",\"url\":\"https:\/\/sentinelgroup.ca\/wp-content\/uploads\/2022\/02\/home1-1024x576.jpg\",\"contentUrl\":\"https:\/\/sentinelgroup.ca\/wp-content\/uploads\/2022\/02\/home1-1024x576.jpg\"},{\"@type\":\"BreadcrumbList\",\"@id\":\"https:\/\/sentinelgroup.ca\/fr\/pourquoi-faire-appel-a-un-conseiller\/#breadcrumb\",\"itemListElement\":[{\"@type\":\"ListItem\",\"position\":1,\"name\":\"Home\",\"item\":\"https:\/\/sentinelgroup.ca\/fr\/accueil\/\"},{\"@type\":\"ListItem\",\"position\":2,\"name\":\"Pourquoi faire appel \u00e0 un conseiller ?\"}]},{\"@type\":\"WebSite\",\"@id\":\"https:\/\/sentinelgroup.ca\/fr\/#website\",\"url\":\"https:\/\/sentinelgroup.ca\/fr\/\",\"name\":\"Sentinel Financial Group\",\"description\":\"Whether you are exploring opportunities for yourself, your family, a small business, or large corporation, Sentinel can lead the way either through insurance, investments or building equity in personal property. Financial security and independence comes only with a sound plan.\",\"publisher\":{\"@id\":\"https:\/\/sentinelgroup.ca\/fr\/#organization\"},\"potentialAction\":[{\"@type\":\"SearchAction\",\"target\":{\"@type\":\"EntryPoint\",\"urlTemplate\":\"https:\/\/sentinelgroup.ca\/fr\/?s={search_term_string}\"},\"query-input\":{\"@type\":\"PropertyValueSpecification\",\"valueRequired\":true,\"valueName\":\"search_term_string\"}}],\"inLanguage\":\"fr-FR\"},{\"@type\":\"Organization\",\"@id\":\"https:\/\/sentinelgroup.ca\/fr\/#organization\",\"name\":\"Sentinel Financial Group\",\"url\":\"https:\/\/sentinelgroup.ca\/fr\/\",\"logo\":{\"@type\":\"ImageObject\",\"inLanguage\":\"fr-FR\",\"@id\":\"https:\/\/sentinelgroup.ca\/fr\/#\/schema\/logo\/image\/\",\"url\":\"https:\/\/sentinelgroup.ca\/wp-content\/uploads\/2022\/02\/SFG-Logo-500w-e1643753833604.png\",\"contentUrl\":\"https:\/\/sentinelgroup.ca\/wp-content\/uploads\/2022\/02\/SFG-Logo-500w-e1643753833604.png\",\"width\":200,\"height\":90,\"caption\":\"Sentinel Financial Group\"},\"image\":{\"@id\":\"https:\/\/sentinelgroup.ca\/fr\/#\/schema\/logo\/image\/\"},\"sameAs\":[\"https:\/\/www.facebook.com\/SentinelFG\",\"https:\/\/x.com\/SentinelFG\",\"https:\/\/www.linkedin.com\/company\/sentinel-financial-group\"]}]}<\/script>\n<!-- \/ Yoast SEO plugin. -->","yoast_head_json":{"title":"Pourquoi faire appel \u00e0 un conseiller - Sentinel Financial Group","description":"Lorsqu'il s'agit de transactions financi\u00e8res, un conseiller peut vous fournir la clart\u00e9 et les informations dont vous avez besoin pour r\u00e9ussir dans l'atteinte de votre objectif. Les conseillers peuvent vous guider sur les produits les mieux adapt\u00e9s \u00e0 vos besoins, objectifs et tol\u00e9rance au risque.","robots":{"index":"index","follow":"follow","max-snippet":"max-snippet:-1","max-image-preview":"max-image-preview:large","max-video-preview":"max-video-preview:-1"},"canonical":"https:\/\/sentinelgroup.ca\/fr\/pourquoi-faire-appel-a-un-conseiller\/","og_locale":"fr_FR","og_type":"article","og_title":"Pourquoi faire appel \u00e0 un conseiller - Sentinel Financial Group","og_description":"Lorsqu'il s'agit de transactions financi\u00e8res, un conseiller peut vous fournir la clart\u00e9 et les informations dont vous avez besoin pour r\u00e9ussir dans l'atteinte de votre objectif. Les conseillers peuvent vous guider sur les produits les mieux adapt\u00e9s \u00e0 vos besoins, objectifs et tol\u00e9rance au risque.","og_url":"https:\/\/sentinelgroup.ca\/fr\/pourquoi-faire-appel-a-un-conseiller\/","og_site_name":"Sentinel Financial Group","article_publisher":"https:\/\/www.facebook.com\/SentinelFG","article_modified_time":"2023-08-04T17:13:25+00:00","og_image":[{"url":"https:\/\/sentinelgroup.ca\/wp-content\/uploads\/2022\/02\/home1-1024x576.jpg","type":"","width":"","height":""}],"twitter_card":"summary_large_image","twitter_site":"@SentinelFG","twitter_misc":{"Dur\u00e9e de lecture estim\u00e9e":"1 minute"},"schema":{"@context":"https:\/\/schema.org","@graph":[{"@type":"WebPage","@id":"https:\/\/sentinelgroup.ca\/fr\/pourquoi-faire-appel-a-un-conseiller\/","url":"https:\/\/sentinelgroup.ca\/fr\/pourquoi-faire-appel-a-un-conseiller\/","name":"Pourquoi faire appel \u00e0 un conseiller - Sentinel Financial Group","isPartOf":{"@id":"https:\/\/sentinelgroup.ca\/fr\/#website"},"primaryImageOfPage":{"@id":"https:\/\/sentinelgroup.ca\/fr\/pourquoi-faire-appel-a-un-conseiller\/#primaryimage"},"image":{"@id":"https:\/\/sentinelgroup.ca\/fr\/pourquoi-faire-appel-a-un-conseiller\/#primaryimage"},"thumbnailUrl":"https:\/\/sentinelgroup.ca\/wp-content\/uploads\/2022\/02\/home1-1024x576.jpg","datePublished":"2022-02-11T16:15:44+00:00","dateModified":"2023-08-04T17:13:25+00:00","description":"Lorsqu'il s'agit de transactions financi\u00e8res, un conseiller peut vous fournir la clart\u00e9 et les informations dont vous avez besoin pour r\u00e9ussir dans l'atteinte de votre objectif. Les conseillers peuvent vous guider sur les produits les mieux adapt\u00e9s \u00e0 vos besoins, objectifs et tol\u00e9rance au risque.","breadcrumb":{"@id":"https:\/\/sentinelgroup.ca\/fr\/pourquoi-faire-appel-a-un-conseiller\/#breadcrumb"},"inLanguage":"fr-FR","potentialAction":[{"@type":"ReadAction","target":["https:\/\/sentinelgroup.ca\/fr\/pourquoi-faire-appel-a-un-conseiller\/"]}]},{"@type":"ImageObject","inLanguage":"fr-FR","@id":"https:\/\/sentinelgroup.ca\/fr\/pourquoi-faire-appel-a-un-conseiller\/#primaryimage","url":"https:\/\/sentinelgroup.ca\/wp-content\/uploads\/2022\/02\/home1-1024x576.jpg","contentUrl":"https:\/\/sentinelgroup.ca\/wp-content\/uploads\/2022\/02\/home1-1024x576.jpg"},{"@type":"BreadcrumbList","@id":"https:\/\/sentinelgroup.ca\/fr\/pourquoi-faire-appel-a-un-conseiller\/#breadcrumb","itemListElement":[{"@type":"ListItem","position":1,"name":"Home","item":"https:\/\/sentinelgroup.ca\/fr\/accueil\/"},{"@type":"ListItem","position":2,"name":"Pourquoi faire appel \u00e0 un conseiller ?"}]},{"@type":"WebSite","@id":"https:\/\/sentinelgroup.ca\/fr\/#website","url":"https:\/\/sentinelgroup.ca\/fr\/","name":"Sentinel Financial Group","description":"Whether you are exploring opportunities for yourself, your family, a small business, or large corporation, Sentinel can lead the way either through insurance, investments or building equity in personal property. Financial security and independence comes only with a sound plan.","publisher":{"@id":"https:\/\/sentinelgroup.ca\/fr\/#organization"},"potentialAction":[{"@type":"SearchAction","target":{"@type":"EntryPoint","urlTemplate":"https:\/\/sentinelgroup.ca\/fr\/?s={search_term_string}"},"query-input":{"@type":"PropertyValueSpecification","valueRequired":true,"valueName":"search_term_string"}}],"inLanguage":"fr-FR"},{"@type":"Organization","@id":"https:\/\/sentinelgroup.ca\/fr\/#organization","name":"Sentinel Financial Group","url":"https:\/\/sentinelgroup.ca\/fr\/","logo":{"@type":"ImageObject","inLanguage":"fr-FR","@id":"https:\/\/sentinelgroup.ca\/fr\/#\/schema\/logo\/image\/","url":"https:\/\/sentinelgroup.ca\/wp-content\/uploads\/2022\/02\/SFG-Logo-500w-e1643753833604.png","contentUrl":"https:\/\/sentinelgroup.ca\/wp-content\/uploads\/2022\/02\/SFG-Logo-500w-e1643753833604.png","width":200,"height":90,"caption":"Sentinel Financial Group"},"image":{"@id":"https:\/\/sentinelgroup.ca\/fr\/#\/schema\/logo\/image\/"},"sameAs":["https:\/\/www.facebook.com\/SentinelFG","https:\/\/x.com\/SentinelFG","https:\/\/www.linkedin.com\/company\/sentinel-financial-group"]}]}},"_links":{"self":[{"href":"https:\/\/sentinelgroup.ca\/fr\/wp-json\/wp\/v2\/pages\/12704","targetHints":{"allow":["GET"]}}],"collection":[{"href":"https:\/\/sentinelgroup.ca\/fr\/wp-json\/wp\/v2\/pages"}],"about":[{"href":"https:\/\/sentinelgroup.ca\/fr\/wp-json\/wp\/v2\/types\/page"}],"author":[{"embeddable":true,"href":"https:\/\/sentinelgroup.ca\/fr\/wp-json\/wp\/v2\/users\/2"}],"replies":[{"embeddable":true,"href":"https:\/\/sentinelgroup.ca\/fr\/wp-json\/wp\/v2\/comments?post=12704"}],"version-history":[{"count":9,"href":"https:\/\/sentinelgroup.ca\/fr\/wp-json\/wp\/v2\/pages\/12704\/revisions"}],"predecessor-version":[{"id":15178,"href":"https:\/\/sentinelgroup.ca\/fr\/wp-json\/wp\/v2\/pages\/12704\/revisions\/15178"}],"wp:attachment":[{"href":"https:\/\/sentinelgroup.ca\/fr\/wp-json\/wp\/v2\/media?parent=12704"}],"curies":[{"name":"wp","href":"https:\/\/api.w.org\/{rel}","templated":true}]}}