{"id":12662,"date":"2022-02-11T16:55:01","date_gmt":"2022-02-11T16:55:01","guid":{"rendered":"https:\/\/sentinelnew.advisornet.org\/sentinel-financial-management-corp\/"},"modified":"2023-08-04T17:11:55","modified_gmt":"2023-08-04T17:11:55","slug":"sentinel-financial-management-corp","status":"publish","type":"page","link":"https:\/\/sentinelgroup.ca\/fr\/sentinel-financial-management-corp\/","title":{"rendered":"Sentinel Financial Management Corp."},"content":{"rendered":"<div data-elementor-type=\"wp-page\" data-elementor-id=\"12662\" class=\"elementor elementor-12662 elementor-4107\" data-elementor-post-type=\"page\">\n\t\t\t\t\t\t<section class=\"elementor-section elementor-top-section elementor-element elementor-element-9150040 elementor-section-full_width elementor-section-height-default elementor-section-height-default\" data-id=\"9150040\" data-element_type=\"section\" data-settings='{\"background_background\":\"classic\"}'>\n\t\t\t\t\t\t\t<div class=\"elementor-background-overlay\"><\/div>\n\t\t\t\t\t\t\t<div class=\"elementor-container elementor-column-gap-default\">\n\t\t\t\t\t<div class=\"elementor-column elementor-col-100 elementor-top-column elementor-element elementor-element-6791ebf\" data-id=\"6791ebf\" data-element_type=\"column\">\n\t\t\t<div class=\"elementor-widget-wrap elementor-element-populated\">\n\t\t\t\t\t\t<div class=\"elementor-element elementor-element-241875a elementor-widget elementor-widget-heading\" data-id=\"241875a\" data-element_type=\"widget\" data-widget_type=\"heading.default\">\n\t\t\t\t<div class=\"elementor-widget-container\">\n\t\t\t<h1 class=\"elementor-heading-title elementor-size-default\">Financi&egrave;re Sentinelle <br>Soci&eacute;t&eacute; de gestion<\/h1>\t\t<\/div>\n\t\t\t\t<\/div>\n\t\t\t\t\t<\/div>\n\t\t<\/div>\n\t\t\t\t\t<\/div>\n\t\t<\/section>\n\t\t\t\t<section class=\"elementor-section elementor-top-section elementor-element elementor-element-e87e2e3 elementor-section-boxed elementor-section-height-default elementor-section-height-default\" data-id=\"e87e2e3\" data-element_type=\"section\" data-settings='{\"background_background\":\"classic\"}'>\n\t\t\t\t\t\t<div class=\"elementor-container elementor-column-gap-default\">\n\t\t\t\t\t<div class=\"elementor-column elementor-col-25 elementor-top-column elementor-element elementor-element-85d955a\" data-id=\"85d955a\" data-element_type=\"column\">\n\t\t\t<div class=\"elementor-widget-wrap\">\n\t\t\t\t\t\t\t<\/div>\n\t\t<\/div>\n\t\t\t\t<div class=\"elementor-column elementor-col-25 elementor-top-column elementor-element elementor-element-4ae11a4\" data-id=\"4ae11a4\" data-element_type=\"column\">\n\t\t\t<div class=\"elementor-widget-wrap\">\n\t\t\t\t\t\t\t<\/div>\n\t\t<\/div>\n\t\t\t\t<div class=\"elementor-column elementor-col-25 elementor-top-column elementor-element elementor-element-d0976c3\" data-id=\"d0976c3\" data-element_type=\"column\">\n\t\t\t<div class=\"elementor-widget-wrap\">\n\t\t\t\t\t\t\t<\/div>\n\t\t<\/div>\n\t\t\t\t<div class=\"elementor-column elementor-col-25 elementor-top-column elementor-element elementor-element-80c59a3\" data-id=\"80c59a3\" data-element_type=\"column\">\n\t\t\t<div class=\"elementor-widget-wrap\">\n\t\t\t\t\t\t\t<\/div>\n\t\t<\/div>\n\t\t\t\t\t<\/div>\n\t\t<\/section>\n\t\t\t\t<section class=\"elementor-section elementor-top-section elementor-element elementor-element-36b715a elementor-section-boxed elementor-section-height-default elementor-section-height-default\" data-id=\"36b715a\" data-element_type=\"section\">\n\t\t\t\t\t\t<div class=\"elementor-container elementor-column-gap-default\">\n\t\t\t\t\t<div class=\"elementor-column elementor-col-100 elementor-top-column elementor-element elementor-element-6c0026d\" data-id=\"6c0026d\" data-element_type=\"column\">\n\t\t\t<div class=\"elementor-widget-wrap elementor-element-populated\">\n\t\t\t\t\t\t<div class=\"elementor-element elementor-element-201b6e1 elementor-widget elementor-widget-heading\" data-id=\"201b6e1\" data-element_type=\"widget\" data-widget_type=\"heading.default\">\n\t\t\t\t<div class=\"elementor-widget-container\">\n\t\t\t<h2 class=\"elementor-heading-title elementor-size-default\">Aider les Canadiens &agrave; atteindre leurs objectifs financiers<\/h2>\t\t<\/div>\n\t\t\t\t<\/div>\n\t\t\t\t<div class=\"elementor-element elementor-element-04cd55c elementor-widget elementor-widget-text-editor\" data-id=\"04cd55c\" data-element_type=\"widget\" data-widget_type=\"text-editor.default\">\n\t\t\t\t<div class=\"elementor-widget-container\">\n\t\t\t\t\t\t\t<p>Nous offrons des services de planification d&rsquo;investissement pour votre s&eacute;curit&eacute; financi&egrave;re. Que vous recherchiez des opportunit&eacute;s pour vous-m&ecirc;me, votre famille, une petite entreprise ou une grande entreprise, Sentinel ouvre la voie.<\/p>\n\t\t\t\t\t\t<\/div>\n\t\t\t\t<\/div>\n\t\t\t\t\t<\/div>\n\t\t<\/div>\n\t\t\t\t\t<\/div>\n\t\t<\/section>\n\t\t\t\t<section class=\"elementor-section elementor-top-section elementor-element elementor-element-f8eca59 elementor-section-boxed elementor-section-height-default elementor-section-height-default\" data-id=\"f8eca59\" data-element_type=\"section\" data-settings='{\"background_background\":\"classic\"}'>\n\t\t\t\t\t\t<div class=\"elementor-container elementor-column-gap-default\">\n\t\t\t\t\t<div class=\"elementor-column elementor-col-100 elementor-top-column elementor-element elementor-element-6f6ca83\" data-id=\"6f6ca83\" data-element_type=\"column\">\n\t\t\t<div class=\"elementor-widget-wrap elementor-element-populated\">\n\t\t\t\t\t\t<div class=\"elementor-element elementor-element-9bf9e39 elementor-widget__width-inherit elementor-widget elementor-widget-global elementor-global-15066 elementor-global-15063 elementor-widget-image\" data-id=\"9bf9e39\" data-element_type=\"widget\" data-widget_type=\"image.default\">\n\t\t\t\t<div class=\"elementor-widget-container\">\n\t\t\t\t\t\t\t\t\t\t\t\t\t\t<a href=\"https:\/\/ciro.ca\" target=\"_blank\">\n\t\t\t\t\t\t\t<img decoding=\"async\" width=\"417\" height=\"108\" src=\"https:\/\/sentinelgroup.ca\/wp-content\/uploads\/2023\/07\/CIRO_Regulated_Dark.png\" class=\"attachment-large size-large wp-image-14968\" alt=\"CIRO\" srcset=\"https:\/\/sentinelgroup.ca\/wp-content\/uploads\/2023\/07\/CIRO_Regulated_Dark.png 417w, https:\/\/sentinelgroup.ca\/wp-content\/uploads\/2023\/07\/CIRO_Regulated_Dark-300x78.png 300w\" sizes=\"(max-width: 417px) 100vw, 417px\"\/>\t\t\t\t\t\t\t\t<\/a>\n\t\t\t\t\t\t\t\t\t\t\t\t\t<\/div>\n\t\t\t\t<\/div>\n\t\t\t\t\t<\/div>\n\t\t<\/div>\n\t\t\t\t\t<\/div>\n\t\t<\/section>\n\t\t\t\t<\/div>\n\t\t","protected":false},"excerpt":{"rendered":"<p>Financi&egrave;re Sentinelle Soci&eacute;t&eacute; de gestion Aider les Canadiens &agrave; atteindre leurs objectifs financiers Nous offrons des services de planification d&rsquo;investissement pour votre s&eacute;curit&eacute; financi&egrave;re. Que vous recherchiez des opportunit&eacute;s pour vous-m&ecirc;me, votre famille, une petite entreprise ou une grande entreprise, Sentinel ouvre la voie.<\/p>\n","protected":false},"author":2,"featured_media":0,"parent":0,"menu_order":0,"comment_status":"closed","ping_status":"closed","template":"full-width.php","meta":{"_acf_changed":false,"footnotes":""},"class_list":["post-12662","page","type-page","status-publish","hentry"],"acf":[],"yoast_head":"<!-- This site is optimized with the Yoast SEO plugin v24.8.1 - https:\/\/yoast.com\/wordpress\/plugins\/seo\/ -->\n<title>Sentinel Financial Management Corp.<\/title>\n<meta name=\"description\" content=\"Nous offrons des services de planification d&#039;investissement pour votre s\u00e9curit\u00e9 financi\u00e8re. Que vous recherchiez des opportunit\u00e9s pour vous-m\u00eame, votre famille, une petite entreprise ou une grande entreprise, Sentinel ouvre la voie.\" \/>\n<meta name=\"robots\" content=\"index, follow, max-snippet:-1, max-image-preview:large, max-video-preview:-1\" \/>\n<link rel=\"canonical\" href=\"https:\/\/sentinelgroup.ca\/fr\/sentinel-financial-management-corp\/\" \/>\n<meta property=\"og:locale\" content=\"fr_FR\" \/>\n<meta property=\"og:type\" content=\"article\" \/>\n<meta property=\"og:title\" content=\"Sentinel Financial Management Corp.\" \/>\n<meta property=\"og:description\" content=\"Nous offrons des services de planification d&#039;investissement pour votre s\u00e9curit\u00e9 financi\u00e8re. Que vous recherchiez des opportunit\u00e9s pour vous-m\u00eame, votre famille, une petite entreprise ou une grande entreprise, Sentinel ouvre la voie.\" \/>\n<meta property=\"og:url\" content=\"https:\/\/sentinelgroup.ca\/fr\/sentinel-financial-management-corp\/\" \/>\n<meta property=\"og:site_name\" content=\"Sentinel Financial Group\" \/>\n<meta property=\"article:publisher\" content=\"https:\/\/www.facebook.com\/SentinelFG\" \/>\n<meta property=\"article:modified_time\" content=\"2023-08-04T17:11:55+00:00\" \/>\n<meta property=\"og:image\" content=\"https:\/\/sentinelgroup.ca\/wp-content\/uploads\/2023\/07\/CIRO_Regulated_Dark.png\" \/>\n<meta name=\"twitter:card\" content=\"summary_large_image\" \/>\n<meta name=\"twitter:site\" content=\"@SentinelFG\" \/>\n<script type=\"application\/ld+json\" class=\"yoast-schema-graph\">{\"@context\":\"https:\/\/schema.org\",\"@graph\":[{\"@type\":\"WebPage\",\"@id\":\"https:\/\/sentinelgroup.ca\/fr\/sentinel-financial-management-corp\/\",\"url\":\"https:\/\/sentinelgroup.ca\/fr\/sentinel-financial-management-corp\/\",\"name\":\"Sentinel Financial Management Corp.\",\"isPartOf\":{\"@id\":\"https:\/\/sentinelgroup.ca\/fr\/#website\"},\"primaryImageOfPage\":{\"@id\":\"https:\/\/sentinelgroup.ca\/fr\/sentinel-financial-management-corp\/#primaryimage\"},\"image\":{\"@id\":\"https:\/\/sentinelgroup.ca\/fr\/sentinel-financial-management-corp\/#primaryimage\"},\"thumbnailUrl\":\"https:\/\/sentinelgroup.ca\/wp-content\/uploads\/2023\/07\/CIRO_Regulated_Dark.png\",\"datePublished\":\"2022-02-11T16:55:01+00:00\",\"dateModified\":\"2023-08-04T17:11:55+00:00\",\"description\":\"Nous offrons des services de planification d'investissement pour votre s\u00e9curit\u00e9 financi\u00e8re. Que vous recherchiez des opportunit\u00e9s pour vous-m\u00eame, votre famille, une petite entreprise ou une grande entreprise, Sentinel ouvre la voie.\",\"breadcrumb\":{\"@id\":\"https:\/\/sentinelgroup.ca\/fr\/sentinel-financial-management-corp\/#breadcrumb\"},\"inLanguage\":\"fr-FR\",\"potentialAction\":[{\"@type\":\"ReadAction\",\"target\":[\"https:\/\/sentinelgroup.ca\/fr\/sentinel-financial-management-corp\/\"]}]},{\"@type\":\"ImageObject\",\"inLanguage\":\"fr-FR\",\"@id\":\"https:\/\/sentinelgroup.ca\/fr\/sentinel-financial-management-corp\/#primaryimage\",\"url\":\"https:\/\/sentinelgroup.ca\/wp-content\/uploads\/2023\/07\/CIRO_Regulated_Dark.png\",\"contentUrl\":\"https:\/\/sentinelgroup.ca\/wp-content\/uploads\/2023\/07\/CIRO_Regulated_Dark.png\"},{\"@type\":\"BreadcrumbList\",\"@id\":\"https:\/\/sentinelgroup.ca\/fr\/sentinel-financial-management-corp\/#breadcrumb\",\"itemListElement\":[{\"@type\":\"ListItem\",\"position\":1,\"name\":\"Home\",\"item\":\"https:\/\/sentinelgroup.ca\/fr\/accueil\/\"},{\"@type\":\"ListItem\",\"position\":2,\"name\":\"Sentinel Financial Management Corp.\"}]},{\"@type\":\"WebSite\",\"@id\":\"https:\/\/sentinelgroup.ca\/fr\/#website\",\"url\":\"https:\/\/sentinelgroup.ca\/fr\/\",\"name\":\"Sentinel Financial Group\",\"description\":\"Whether you are exploring opportunities for yourself, your family, a small business, or large corporation, Sentinel can lead the way either through insurance, investments or building equity in personal property. Financial security and independence comes only with a sound plan.\",\"publisher\":{\"@id\":\"https:\/\/sentinelgroup.ca\/fr\/#organization\"},\"potentialAction\":[{\"@type\":\"SearchAction\",\"target\":{\"@type\":\"EntryPoint\",\"urlTemplate\":\"https:\/\/sentinelgroup.ca\/fr\/?s={search_term_string}\"},\"query-input\":{\"@type\":\"PropertyValueSpecification\",\"valueRequired\":true,\"valueName\":\"search_term_string\"}}],\"inLanguage\":\"fr-FR\"},{\"@type\":\"Organization\",\"@id\":\"https:\/\/sentinelgroup.ca\/fr\/#organization\",\"name\":\"Sentinel Financial Group\",\"url\":\"https:\/\/sentinelgroup.ca\/fr\/\",\"logo\":{\"@type\":\"ImageObject\",\"inLanguage\":\"fr-FR\",\"@id\":\"https:\/\/sentinelgroup.ca\/fr\/#\/schema\/logo\/image\/\",\"url\":\"https:\/\/sentinelgroup.ca\/wp-content\/uploads\/2022\/02\/SFG-Logo-500w-e1643753833604.png\",\"contentUrl\":\"https:\/\/sentinelgroup.ca\/wp-content\/uploads\/2022\/02\/SFG-Logo-500w-e1643753833604.png\",\"width\":200,\"height\":90,\"caption\":\"Sentinel Financial Group\"},\"image\":{\"@id\":\"https:\/\/sentinelgroup.ca\/fr\/#\/schema\/logo\/image\/\"},\"sameAs\":[\"https:\/\/www.facebook.com\/SentinelFG\",\"https:\/\/x.com\/SentinelFG\",\"https:\/\/www.linkedin.com\/company\/sentinel-financial-group\"]}]}<\/script>\n<!-- \/ Yoast SEO plugin. -->","yoast_head_json":{"title":"Sentinel Financial Management Corp.","description":"Nous offrons des services de planification d'investissement pour votre s\u00e9curit\u00e9 financi\u00e8re. Que vous recherchiez des opportunit\u00e9s pour vous-m\u00eame, votre famille, une petite entreprise ou une grande entreprise, Sentinel ouvre la voie.","robots":{"index":"index","follow":"follow","max-snippet":"max-snippet:-1","max-image-preview":"max-image-preview:large","max-video-preview":"max-video-preview:-1"},"canonical":"https:\/\/sentinelgroup.ca\/fr\/sentinel-financial-management-corp\/","og_locale":"fr_FR","og_type":"article","og_title":"Sentinel Financial Management Corp.","og_description":"Nous offrons des services de planification d'investissement pour votre s\u00e9curit\u00e9 financi\u00e8re. Que vous recherchiez des opportunit\u00e9s pour vous-m\u00eame, votre famille, une petite entreprise ou une grande entreprise, Sentinel ouvre la voie.","og_url":"https:\/\/sentinelgroup.ca\/fr\/sentinel-financial-management-corp\/","og_site_name":"Sentinel Financial Group","article_publisher":"https:\/\/www.facebook.com\/SentinelFG","article_modified_time":"2023-08-04T17:11:55+00:00","og_image":[{"url":"https:\/\/sentinelgroup.ca\/wp-content\/uploads\/2023\/07\/CIRO_Regulated_Dark.png","type":"","width":"","height":""}],"twitter_card":"summary_large_image","twitter_site":"@SentinelFG","schema":{"@context":"https:\/\/schema.org","@graph":[{"@type":"WebPage","@id":"https:\/\/sentinelgroup.ca\/fr\/sentinel-financial-management-corp\/","url":"https:\/\/sentinelgroup.ca\/fr\/sentinel-financial-management-corp\/","name":"Sentinel Financial Management Corp.","isPartOf":{"@id":"https:\/\/sentinelgroup.ca\/fr\/#website"},"primaryImageOfPage":{"@id":"https:\/\/sentinelgroup.ca\/fr\/sentinel-financial-management-corp\/#primaryimage"},"image":{"@id":"https:\/\/sentinelgroup.ca\/fr\/sentinel-financial-management-corp\/#primaryimage"},"thumbnailUrl":"https:\/\/sentinelgroup.ca\/wp-content\/uploads\/2023\/07\/CIRO_Regulated_Dark.png","datePublished":"2022-02-11T16:55:01+00:00","dateModified":"2023-08-04T17:11:55+00:00","description":"Nous offrons des services de planification d'investissement pour votre s\u00e9curit\u00e9 financi\u00e8re. Que vous recherchiez des opportunit\u00e9s pour vous-m\u00eame, votre famille, une petite entreprise ou une grande entreprise, Sentinel ouvre la voie.","breadcrumb":{"@id":"https:\/\/sentinelgroup.ca\/fr\/sentinel-financial-management-corp\/#breadcrumb"},"inLanguage":"fr-FR","potentialAction":[{"@type":"ReadAction","target":["https:\/\/sentinelgroup.ca\/fr\/sentinel-financial-management-corp\/"]}]},{"@type":"ImageObject","inLanguage":"fr-FR","@id":"https:\/\/sentinelgroup.ca\/fr\/sentinel-financial-management-corp\/#primaryimage","url":"https:\/\/sentinelgroup.ca\/wp-content\/uploads\/2023\/07\/CIRO_Regulated_Dark.png","contentUrl":"https:\/\/sentinelgroup.ca\/wp-content\/uploads\/2023\/07\/CIRO_Regulated_Dark.png"},{"@type":"BreadcrumbList","@id":"https:\/\/sentinelgroup.ca\/fr\/sentinel-financial-management-corp\/#breadcrumb","itemListElement":[{"@type":"ListItem","position":1,"name":"Home","item":"https:\/\/sentinelgroup.ca\/fr\/accueil\/"},{"@type":"ListItem","position":2,"name":"Sentinel Financial Management Corp."}]},{"@type":"WebSite","@id":"https:\/\/sentinelgroup.ca\/fr\/#website","url":"https:\/\/sentinelgroup.ca\/fr\/","name":"Sentinel Financial Group","description":"Whether you are exploring opportunities for yourself, your family, a small business, or large corporation, Sentinel can lead the way either through insurance, investments or building equity in personal property. Financial security and independence comes only with a sound plan.","publisher":{"@id":"https:\/\/sentinelgroup.ca\/fr\/#organization"},"potentialAction":[{"@type":"SearchAction","target":{"@type":"EntryPoint","urlTemplate":"https:\/\/sentinelgroup.ca\/fr\/?s={search_term_string}"},"query-input":{"@type":"PropertyValueSpecification","valueRequired":true,"valueName":"search_term_string"}}],"inLanguage":"fr-FR"},{"@type":"Organization","@id":"https:\/\/sentinelgroup.ca\/fr\/#organization","name":"Sentinel Financial Group","url":"https:\/\/sentinelgroup.ca\/fr\/","logo":{"@type":"ImageObject","inLanguage":"fr-FR","@id":"https:\/\/sentinelgroup.ca\/fr\/#\/schema\/logo\/image\/","url":"https:\/\/sentinelgroup.ca\/wp-content\/uploads\/2022\/02\/SFG-Logo-500w-e1643753833604.png","contentUrl":"https:\/\/sentinelgroup.ca\/wp-content\/uploads\/2022\/02\/SFG-Logo-500w-e1643753833604.png","width":200,"height":90,"caption":"Sentinel Financial Group"},"image":{"@id":"https:\/\/sentinelgroup.ca\/fr\/#\/schema\/logo\/image\/"},"sameAs":["https:\/\/www.facebook.com\/SentinelFG","https:\/\/x.com\/SentinelFG","https:\/\/www.linkedin.com\/company\/sentinel-financial-group"]}]}},"_links":{"self":[{"href":"https:\/\/sentinelgroup.ca\/fr\/wp-json\/wp\/v2\/pages\/12662","targetHints":{"allow":["GET"]}}],"collection":[{"href":"https:\/\/sentinelgroup.ca\/fr\/wp-json\/wp\/v2\/pages"}],"about":[{"href":"https:\/\/sentinelgroup.ca\/fr\/wp-json\/wp\/v2\/types\/page"}],"author":[{"embeddable":true,"href":"https:\/\/sentinelgroup.ca\/fr\/wp-json\/wp\/v2\/users\/2"}],"replies":[{"embeddable":true,"href":"https:\/\/sentinelgroup.ca\/fr\/wp-json\/wp\/v2\/comments?post=12662"}],"version-history":[{"count":30,"href":"https:\/\/sentinelgroup.ca\/fr\/wp-json\/wp\/v2\/pages\/12662\/revisions"}],"predecessor-version":[{"id":15174,"href":"https:\/\/sentinelgroup.ca\/fr\/wp-json\/wp\/v2\/pages\/12662\/revisions\/15174"}],"wp:attachment":[{"href":"https:\/\/sentinelgroup.ca\/fr\/wp-json\/wp\/v2\/media?parent=12662"}],"curies":[{"name":"wp","href":"https:\/\/api.w.org\/{rel}","templated":true}]}}