{"id":12624,"date":"2022-02-07T04:08:49","date_gmt":"2022-02-07T04:08:49","guid":{"rendered":"https:\/\/sentinelnew.advisornet.org\/des-produits\/"},"modified":"2024-10-25T21:38:53","modified_gmt":"2024-10-25T21:38:53","slug":"des-produits","status":"publish","type":"page","link":"https:\/\/sentinelgroup.ca\/fr\/des-produits\/","title":{"rendered":"Des produits"},"content":{"rendered":"<div data-elementor-type=\"wp-page\" data-elementor-id=\"12624\" class=\"elementor elementor-12624 elementor-2326\" data-elementor-post-type=\"page\">\n\t\t\t\t\t\t<section class=\"elementor-section elementor-top-section elementor-element elementor-element-b313eef elementor-section-full_width elementor-section-height-default elementor-section-height-default\" data-id=\"b313eef\" data-element_type=\"section\" data-settings=\"{&quot;background_background&quot;:&quot;classic&quot;}\">\n\t\t\t\t\t\t\t<div class=\"elementor-background-overlay\"><\/div>\n\t\t\t\t\t\t\t<div class=\"elementor-container elementor-column-gap-default\">\n\t\t\t\t\t<div class=\"elementor-column elementor-col-100 elementor-top-column elementor-element elementor-element-65379c4\" data-id=\"65379c4\" data-element_type=\"column\">\n\t\t\t<div class=\"elementor-widget-wrap elementor-element-populated\">\n\t\t\t\t\t\t<div class=\"elementor-element elementor-element-633ea47 elementor-widget elementor-widget-heading\" data-id=\"633ea47\" data-element_type=\"widget\" data-widget_type=\"heading.default\">\n\t\t\t\t<div class=\"elementor-widget-container\">\n\t\t\t<h1 class=\"elementor-heading-title elementor-size-default\">Des produits<\/h1>\t\t<\/div>\n\t\t\t\t<\/div>\n\t\t\t\t\t<\/div>\n\t\t<\/div>\n\t\t\t\t\t<\/div>\n\t\t<\/section>\n\t\t\t\t<section class=\"elementor-section elementor-top-section elementor-element elementor-element-aeee13e elementor-section-boxed elementor-section-height-default elementor-section-height-default\" data-id=\"aeee13e\" data-element_type=\"section\" data-settings=\"{&quot;background_background&quot;:&quot;classic&quot;}\">\n\t\t\t\t\t\t\t<div class=\"elementor-background-overlay\"><\/div>\n\t\t\t\t\t\t\t<div class=\"elementor-container elementor-column-gap-default\">\n\t\t\t\t\t<div class=\"elementor-column elementor-col-100 elementor-top-column elementor-element elementor-element-3bfad39\" data-id=\"3bfad39\" data-element_type=\"column\">\n\t\t\t<div class=\"elementor-widget-wrap elementor-element-populated\">\n\t\t\t\t\t\t<div class=\"elementor-element elementor-element-b1450b9 elementor-widget elementor-widget-text-editor\" data-id=\"b1450b9\" data-element_type=\"widget\" data-widget_type=\"text-editor.default\">\n\t\t\t\t<div class=\"elementor-widget-container\">\n\t\t\t\t\t\t\tSentinelle Groupe Financier donne acc&egrave;s &agrave; un portefeuille croissant de produits que nous mettons &agrave; la disposition de nos clients et conseillers. Ces produits r&eacute;pondent &agrave; une vari&eacute;t&eacute; de besoins financiers et d&rsquo;<a class=\"glossaryLink\"  aria-describedby=\"tt\"  data-cmtooltip=\"&lt;div class=glossaryItemTitle&gt;ASSURANCE-VIE&lt;\/div&gt;&lt;div class=glossaryItemBody&gt;Assurance qui offre une protection contre la perte &eacute;conomique caus&eacute;e par le d&eacute;c&egrave;s de la personne assur&eacute;e.&lt;\/div&gt;\"  href=\"https:\/\/sentinelgroup.ca\/fr\/glossary\/assurance-vie\/\"  data-gt-translate-attributes='[{\"attribute\":\"data-cmtooltip\", \"format\":\"html\"}]'  tabindex='0' role='link'>assurance-vie<\/a>.\n\nGr&acirc;ce au portefeuille de produits de Sentinel Financial Group, nous pouvons vous aider &agrave; r&eacute;pondre &agrave; vos besoins et vous donner la flexibilit&eacute; n&eacute;cessaire pour atteindre vos objectifs financiers.\t\t\t\t\t\t<\/div>\n\t\t\t\t<\/div>\n\t\t\t\t\t<\/div>\n\t\t<\/div>\n\t\t\t\t\t<\/div>\n\t\t<\/section>\n\t\t\t\t<section class=\"elementor-section elementor-top-section elementor-element elementor-element-bff7ad4 elementor-section-boxed elementor-section-height-default elementor-section-height-default\" data-id=\"bff7ad4\" data-element_type=\"section\">\n\t\t\t\t\t\t<div class=\"elementor-container elementor-column-gap-default\">\n\t\t\t\t\t<div class=\"elementor-column elementor-col-50 elementor-top-column elementor-element elementor-element-1367184 elementor-invisible\" data-id=\"1367184\" data-element_type=\"column\" data-settings=\"{&quot;animation&quot;:&quot;fadeInUp&quot;}\">\n\t\t\t<div class=\"elementor-widget-wrap elementor-element-populated\">\n\t\t\t\t\t\t<div class=\"elementor-element elementor-element-e8160c3 elementor-widget elementor-widget-heading\" data-id=\"e8160c3\" data-element_type=\"widget\" data-widget_type=\"heading.default\">\n\t\t\t\t<div class=\"elementor-widget-container\">\n\t\t\t<h2 class=\"elementor-heading-title elementor-size-default\">Sentinel Financial Management Corp.<\/h2>\t\t<\/div>\n\t\t\t\t<\/div>\n\t\t\t\t<div class=\"elementor-element elementor-element-bc59420 elementor-widget elementor-widget-text-editor\" data-id=\"bc59420\" data-element_type=\"widget\" data-widget_type=\"text-editor.default\">\n\t\t\t\t<div class=\"elementor-widget-container\">\n\t\t\t\t\t\t\t<p><b>Investissements et planification financi&egrave;re<\/b><\/p>\n\t\t\t\t\t\t<\/div>\n\t\t\t\t<\/div>\n\t\t\t\t<div class=\"elementor-element elementor-element-6e1bc36 elementor-widget elementor-widget-text-editor\" data-id=\"6e1bc36\" data-element_type=\"widget\" data-widget_type=\"text-editor.default\">\n\t\t\t\t<div class=\"elementor-widget-container\">\n\t\t\t\t\t\t\t<ul>\n<li>Fonds communs de placement<\/li>\n<li>Fonds distincts<\/li>\n<li>Produits exempt&eacute;s<\/li>\n<li>Investissements parrain&eacute;s par les travailleurs (SaskWorks, Golden Opportunities Fund)<\/li>\n<li>CPG<\/li>\n<li>Placements enregistr&eacute;s (REER, FERR, FRV, REEE, etc.)<\/li><li><a class=\"glossaryLink\"  aria-describedby=\"tt\"  data-cmtooltip=\"&lt;div class=glossaryItemTitle&gt;ETFs (Exchange Traded Funds)&lt;\/div&gt;&lt;div class=glossaryItemBody&gt;&amp;lt;!-- wp:paragraph {&amp;quot;translatedWithWPMLTM&amp;quot;:&amp;quot;1&amp;quot;} --&amp;gt;Les ETF sont un v&eacute;hicule d&amp;#039;investissement flexible qui peut &ecirc;tre utilis&eacute; au sein d&amp;#039;un portefeuille pour r&eacute;pondre &agrave; une vari&eacute;t&eacute; de besoins et d&amp;#039;objectifs.&amp;lt;br\/&amp;gt;&amp;lt;!-- \/wp:paragraph --&amp;gt;&amp;lt;!-- wp:paragraph {&amp;quot;translatedWithWPMLTM&amp;quot;:&amp;quot;1&amp;quot;} --&amp;gt;&Agrave; l&amp;#039;instar d&amp;#039;un fonds commun de placement, les ETF permettent d&amp;#039;acc&eacute;der &agrave; un portefeuille diversifi&eacute; d&amp;#039;actions ou d&amp;#039;obligations en un seul investissement, mais ils peuvent &ecirc;tre n&eacute;goci&eacute;s en bourse comme des actions.&amp;lt;br\/&amp;gt;&amp;lt;!-- \/wp:paragraph --&amp;gt;&amp;lt;!-- wp:paragraph {&amp;quot;translatedWithWPMLTM&amp;quot;:&amp;quot;1&amp;quot;} --&amp;gt;Plus d&amp;#039;informations&amp;lt;br\/&amp;gt;&amp;lt;!-- \/wp:paragraph --&amp;gt;&amp;lt;!-- wp:paragraph --&amp;gt;&amp;lt;br\/&amp;gt;&amp;lt;!-- \/wp:paragraph --&amp;gt;&lt;\/div&gt;\"  href=\"https:\/\/sentinelgroup.ca\/fr\/glossary\/etfs-exchange-traded-funds\/\"  data-gt-translate-attributes='[{\"attribute\":\"data-cmtooltip\", \"format\":\"html\"}]'  tabindex='0' role='link'>ETFs (Exchange Traded Funds)<\/a><\/li>\n<\/ul>\t\t\t\t\t\t<\/div>\n\t\t\t\t<\/div>\n\t\t\t\t\t<\/div>\n\t\t<\/div>\n\t\t\t\t<div class=\"elementor-column elementor-col-50 elementor-top-column elementor-element elementor-element-9d0ae79 elementor-invisible\" data-id=\"9d0ae79\" data-element_type=\"column\" data-settings=\"{&quot;animation&quot;:&quot;fadeInUp&quot;}\">\n\t\t\t<div class=\"elementor-widget-wrap elementor-element-populated\">\n\t\t\t\t\t\t<div class=\"elementor-element elementor-element-a126452 elementor-widget elementor-widget-heading\" data-id=\"a126452\" data-element_type=\"widget\" data-widget_type=\"heading.default\">\n\t\t\t\t<div class=\"elementor-widget-container\">\n\t\t\t<h2 class=\"elementor-heading-title elementor-size-default\">Sentinel Life Management Corp.<\/h2>\t\t<\/div>\n\t\t\t\t<\/div>\n\t\t\t\t<div class=\"elementor-element elementor-element-34763a0 elementor-widget elementor-widget-text-editor\" data-id=\"34763a0\" data-element_type=\"widget\" data-widget_type=\"text-editor.default\">\n\t\t\t\t<div class=\"elementor-widget-container\">\n\t\t\t\t\t\t\t<p><strong>Assurance vie, maladies graves et invalidit&eacute;<\/strong><\/p>\n\t\t\t\t\t\t<\/div>\n\t\t\t\t<\/div>\n\t\t\t\t<div class=\"elementor-element elementor-element-1f44c19 elementor-widget elementor-widget-text-editor\" data-id=\"1f44c19\" data-element_type=\"widget\" data-widget_type=\"text-editor.default\">\n\t\t\t\t<div class=\"elementor-widget-container\">\n\t\t\t\t\t\t\t<ul>\n<li><a href=\"https:\/\/www.sentinelgroup.ca\/index.php\/index.php\/glossary\/life-insurance\/\">Assurance-vie<\/a><\/li>\n<li>Assurance maladies graves<\/li>\n<li>L&rsquo;assurance invalidit&eacute;<\/li>\n<li>Fonds distincts<\/li>\n<\/ul>\n\t\t\t\t\t\t<\/div>\n\t\t\t\t<\/div>\n\t\t\t\t<div class=\"elementor-element elementor-element-d65edf5 elementor-widget elementor-widget-text-editor\" data-id=\"d65edf5\" data-element_type=\"widget\" data-widget_type=\"text-editor.default\">\n\t\t\t\t<div class=\"elementor-widget-container\">\n\t\t\t\t\t\t\t<p><strong>Avantages sociaux et assurances collectives corporatives<\/strong><\/p>\n\t\t\t\t\t\t<\/div>\n\t\t\t\t<\/div>\n\t\t\t\t<div class=\"elementor-element elementor-element-e002086 elementor-widget elementor-widget-text-editor\" data-id=\"e002086\" data-element_type=\"widget\" data-widget_type=\"text-editor.default\">\n\t\t\t\t<div class=\"elementor-widget-container\">\n\t\t\t\t\t\t\t<ul>\n<li>Avantages sociaux des employ&eacute;s<\/li>\n<li>Assurance collective<\/li>\n<li>Groupe Sant&eacute; &amp; Dentaire<\/li>\n<li>Les r&eacute;gimes de retraite<\/li>\n<\/ul>\n\t\t\t\t\t\t<\/div>\n\t\t\t\t<\/div>\n\t\t\t\t\t<\/div>\n\t\t<\/div>\n\t\t\t\t\t<\/div>\n\t\t<\/section>\n\t\t\t\t<section class=\"elementor-section elementor-top-section elementor-element elementor-element-369fad5 elementor-section-boxed elementor-section-height-default elementor-section-height-default\" data-id=\"369fad5\" data-element_type=\"section\" data-settings=\"{&quot;background_background&quot;:&quot;classic&quot;}\">\n\t\t\t\t\t\t<div class=\"elementor-container elementor-column-gap-default\">\n\t\t\t\t\t<div class=\"elementor-column elementor-col-100 elementor-top-column elementor-element elementor-element-701f570\" data-id=\"701f570\" data-element_type=\"column\">\n\t\t\t<div class=\"elementor-widget-wrap elementor-element-populated\">\n\t\t\t\t\t\t<div class=\"elementor-element elementor-element-a1a6d73 elementor-widget__width-inherit elementor-widget elementor-widget-global elementor-global-15066 elementor-global-15063 elementor-widget-image\" data-id=\"a1a6d73\" data-element_type=\"widget\" data-widget_type=\"image.default\">\n\t\t\t\t<div class=\"elementor-widget-container\">\n\t\t\t\t\t\t\t\t\t\t\t\t\t\t<a href=\"https:\/\/ciro.ca\" target=\"_blank\">\n\t\t\t\t\t\t\t<img decoding=\"async\" width=\"417\" height=\"108\" src=\"https:\/\/sentinelgroup.ca\/wp-content\/uploads\/2023\/07\/CIRO_Regulated_Dark.png\" class=\"attachment-large size-large wp-image-14968\" alt=\"CIRO\" srcset=\"https:\/\/sentinelgroup.ca\/wp-content\/uploads\/2023\/07\/CIRO_Regulated_Dark.png 417w, https:\/\/sentinelgroup.ca\/wp-content\/uploads\/2023\/07\/CIRO_Regulated_Dark-300x78.png 300w\" sizes=\"(max-width: 417px) 100vw, 417px\"\/>\t\t\t\t\t\t\t\t<\/a>\n\t\t\t\t\t\t\t\t\t\t\t\t\t<\/div>\n\t\t\t\t<\/div>\n\t\t\t\t\t<\/div>\n\t\t<\/div>\n\t\t\t\t\t<\/div>\n\t\t<\/section>\n\t\t\t\t<\/div>\n\t\t","protected":false},"excerpt":{"rendered":"<p>Des produits Sentinelle Groupe Financier donne acc&egrave;s &agrave; un portefeuille croissant de produits que nous mettons &agrave; la disposition de nos clients et conseillers. Ces produits r&eacute;pondent &agrave; une vari&eacute;t&eacute; de besoins financiers et d&rsquo;assurance-vie. Gr&acirc;ce au portefeuille de produits de Sentinel Financial Group, nous pouvons vous aider &agrave; r&eacute;pondre &agrave; vos besoins et vous [&hellip;]<\/p>\n","protected":false},"author":2,"featured_media":0,"parent":0,"menu_order":0,"comment_status":"closed","ping_status":"closed","template":"elementor_header_footer","meta":{"_acf_changed":false,"footnotes":""},"class_list":["post-12624","page","type-page","status-publish","hentry"],"acf":[],"yoast_head":"<!-- This site is optimized with the Yoast SEO plugin v24.8.1 - https:\/\/yoast.com\/wordpress\/plugins\/seo\/ -->\n<title>Des produits - Sentinel Financial Group<\/title>\n<meta name=\"description\" content=\"Sentinelle Groupe Financier donne acc\u00e8s \u00e0 un portefeuille croissant de produits que nous mettons \u00e0 la disposition de nos clients et conseillers. Ces produits r\u00e9pondent \u00e0 une vari\u00e9t\u00e9 de besoins financiers et d&#039;assurance-vie.\" \/>\n<meta name=\"robots\" content=\"index, follow, max-snippet:-1, max-image-preview:large, max-video-preview:-1\" \/>\n<link rel=\"canonical\" href=\"https:\/\/sentinelgroup.ca\/fr\/des-produits\/\" \/>\n<meta property=\"og:locale\" content=\"fr_FR\" \/>\n<meta property=\"og:type\" content=\"article\" \/>\n<meta property=\"og:title\" content=\"Des produits - Sentinel Financial Group\" \/>\n<meta property=\"og:description\" content=\"Sentinelle Groupe Financier donne acc\u00e8s \u00e0 un portefeuille croissant de produits que nous mettons \u00e0 la disposition de nos clients et conseillers. Ces produits r\u00e9pondent \u00e0 une vari\u00e9t\u00e9 de besoins financiers et d&#039;assurance-vie.\" \/>\n<meta property=\"og:url\" content=\"https:\/\/sentinelgroup.ca\/fr\/des-produits\/\" \/>\n<meta property=\"og:site_name\" content=\"Sentinel Financial Group\" \/>\n<meta property=\"article:publisher\" content=\"https:\/\/www.facebook.com\/SentinelFG\" \/>\n<meta property=\"article:modified_time\" content=\"2024-10-25T21:38:53+00:00\" \/>\n<meta property=\"og:image\" content=\"https:\/\/sentinelgroup.ca\/wp-content\/uploads\/2023\/07\/CIRO_Regulated_Dark.png\" \/>\n<meta name=\"twitter:card\" content=\"summary_large_image\" \/>\n<meta name=\"twitter:site\" content=\"@SentinelFG\" \/>\n<meta name=\"twitter:label1\" content=\"Dur\u00e9e de lecture estim\u00e9e\" \/>\n\t<meta name=\"twitter:data1\" content=\"1 minute\" \/>\n<script type=\"application\/ld+json\" class=\"yoast-schema-graph\">{\"@context\":\"https:\/\/schema.org\",\"@graph\":[{\"@type\":\"WebPage\",\"@id\":\"https:\/\/sentinelgroup.ca\/fr\/des-produits\/\",\"url\":\"https:\/\/sentinelgroup.ca\/fr\/des-produits\/\",\"name\":\"Des produits - Sentinel Financial Group\",\"isPartOf\":{\"@id\":\"https:\/\/sentinelgroup.ca\/fr\/#website\"},\"primaryImageOfPage\":{\"@id\":\"https:\/\/sentinelgroup.ca\/fr\/des-produits\/#primaryimage\"},\"image\":{\"@id\":\"https:\/\/sentinelgroup.ca\/fr\/des-produits\/#primaryimage\"},\"thumbnailUrl\":\"https:\/\/sentinelgroup.ca\/wp-content\/uploads\/2023\/07\/CIRO_Regulated_Dark.png\",\"datePublished\":\"2022-02-07T04:08:49+00:00\",\"dateModified\":\"2024-10-25T21:38:53+00:00\",\"description\":\"Sentinelle Groupe Financier donne acc\u00e8s \u00e0 un portefeuille croissant de produits que nous mettons \u00e0 la disposition de nos clients et conseillers. Ces produits r\u00e9pondent \u00e0 une vari\u00e9t\u00e9 de besoins financiers et d'assurance-vie.\",\"breadcrumb\":{\"@id\":\"https:\/\/sentinelgroup.ca\/fr\/des-produits\/#breadcrumb\"},\"inLanguage\":\"fr-FR\",\"potentialAction\":[{\"@type\":\"ReadAction\",\"target\":[\"https:\/\/sentinelgroup.ca\/fr\/des-produits\/\"]}]},{\"@type\":\"ImageObject\",\"inLanguage\":\"fr-FR\",\"@id\":\"https:\/\/sentinelgroup.ca\/fr\/des-produits\/#primaryimage\",\"url\":\"https:\/\/sentinelgroup.ca\/wp-content\/uploads\/2023\/07\/CIRO_Regulated_Dark.png\",\"contentUrl\":\"https:\/\/sentinelgroup.ca\/wp-content\/uploads\/2023\/07\/CIRO_Regulated_Dark.png\"},{\"@type\":\"BreadcrumbList\",\"@id\":\"https:\/\/sentinelgroup.ca\/fr\/des-produits\/#breadcrumb\",\"itemListElement\":[{\"@type\":\"ListItem\",\"position\":1,\"name\":\"Home\",\"item\":\"https:\/\/sentinelgroup.ca\/fr\/accueil\/\"},{\"@type\":\"ListItem\",\"position\":2,\"name\":\"Des produits\"}]},{\"@type\":\"WebSite\",\"@id\":\"https:\/\/sentinelgroup.ca\/fr\/#website\",\"url\":\"https:\/\/sentinelgroup.ca\/fr\/\",\"name\":\"Sentinel Financial Group\",\"description\":\"Whether you are exploring opportunities for yourself, your family, a small business, or large corporation, Sentinel can lead the way either through insurance, investments or building equity in personal property. Financial security and independence comes only with a sound plan.\",\"publisher\":{\"@id\":\"https:\/\/sentinelgroup.ca\/fr\/#organization\"},\"potentialAction\":[{\"@type\":\"SearchAction\",\"target\":{\"@type\":\"EntryPoint\",\"urlTemplate\":\"https:\/\/sentinelgroup.ca\/fr\/?s={search_term_string}\"},\"query-input\":{\"@type\":\"PropertyValueSpecification\",\"valueRequired\":true,\"valueName\":\"search_term_string\"}}],\"inLanguage\":\"fr-FR\"},{\"@type\":\"Organization\",\"@id\":\"https:\/\/sentinelgroup.ca\/fr\/#organization\",\"name\":\"Sentinel Financial Group\",\"url\":\"https:\/\/sentinelgroup.ca\/fr\/\",\"logo\":{\"@type\":\"ImageObject\",\"inLanguage\":\"fr-FR\",\"@id\":\"https:\/\/sentinelgroup.ca\/fr\/#\/schema\/logo\/image\/\",\"url\":\"https:\/\/sentinelgroup.ca\/wp-content\/uploads\/2022\/02\/SFG-Logo-500w-e1643753833604.png\",\"contentUrl\":\"https:\/\/sentinelgroup.ca\/wp-content\/uploads\/2022\/02\/SFG-Logo-500w-e1643753833604.png\",\"width\":200,\"height\":90,\"caption\":\"Sentinel Financial Group\"},\"image\":{\"@id\":\"https:\/\/sentinelgroup.ca\/fr\/#\/schema\/logo\/image\/\"},\"sameAs\":[\"https:\/\/www.facebook.com\/SentinelFG\",\"https:\/\/x.com\/SentinelFG\",\"https:\/\/www.linkedin.com\/company\/sentinel-financial-group\"]}]}<\/script>\n<!-- \/ Yoast SEO plugin. -->","yoast_head_json":{"title":"Des produits - Sentinel Financial Group","description":"Sentinelle Groupe Financier donne acc\u00e8s \u00e0 un portefeuille croissant de produits que nous mettons \u00e0 la disposition de nos clients et conseillers. Ces produits r\u00e9pondent \u00e0 une vari\u00e9t\u00e9 de besoins financiers et d'assurance-vie.","robots":{"index":"index","follow":"follow","max-snippet":"max-snippet:-1","max-image-preview":"max-image-preview:large","max-video-preview":"max-video-preview:-1"},"canonical":"https:\/\/sentinelgroup.ca\/fr\/des-produits\/","og_locale":"fr_FR","og_type":"article","og_title":"Des produits - Sentinel Financial Group","og_description":"Sentinelle Groupe Financier donne acc\u00e8s \u00e0 un portefeuille croissant de produits que nous mettons \u00e0 la disposition de nos clients et conseillers. Ces produits r\u00e9pondent \u00e0 une vari\u00e9t\u00e9 de besoins financiers et d'assurance-vie.","og_url":"https:\/\/sentinelgroup.ca\/fr\/des-produits\/","og_site_name":"Sentinel Financial Group","article_publisher":"https:\/\/www.facebook.com\/SentinelFG","article_modified_time":"2024-10-25T21:38:53+00:00","og_image":[{"url":"https:\/\/sentinelgroup.ca\/wp-content\/uploads\/2023\/07\/CIRO_Regulated_Dark.png","type":"","width":"","height":""}],"twitter_card":"summary_large_image","twitter_site":"@SentinelFG","twitter_misc":{"Dur\u00e9e de lecture estim\u00e9e":"1 minute"},"schema":{"@context":"https:\/\/schema.org","@graph":[{"@type":"WebPage","@id":"https:\/\/sentinelgroup.ca\/fr\/des-produits\/","url":"https:\/\/sentinelgroup.ca\/fr\/des-produits\/","name":"Des produits - Sentinel Financial Group","isPartOf":{"@id":"https:\/\/sentinelgroup.ca\/fr\/#website"},"primaryImageOfPage":{"@id":"https:\/\/sentinelgroup.ca\/fr\/des-produits\/#primaryimage"},"image":{"@id":"https:\/\/sentinelgroup.ca\/fr\/des-produits\/#primaryimage"},"thumbnailUrl":"https:\/\/sentinelgroup.ca\/wp-content\/uploads\/2023\/07\/CIRO_Regulated_Dark.png","datePublished":"2022-02-07T04:08:49+00:00","dateModified":"2024-10-25T21:38:53+00:00","description":"Sentinelle Groupe Financier donne acc\u00e8s \u00e0 un portefeuille croissant de produits que nous mettons \u00e0 la disposition de nos clients et conseillers. Ces produits r\u00e9pondent \u00e0 une vari\u00e9t\u00e9 de besoins financiers et d'assurance-vie.","breadcrumb":{"@id":"https:\/\/sentinelgroup.ca\/fr\/des-produits\/#breadcrumb"},"inLanguage":"fr-FR","potentialAction":[{"@type":"ReadAction","target":["https:\/\/sentinelgroup.ca\/fr\/des-produits\/"]}]},{"@type":"ImageObject","inLanguage":"fr-FR","@id":"https:\/\/sentinelgroup.ca\/fr\/des-produits\/#primaryimage","url":"https:\/\/sentinelgroup.ca\/wp-content\/uploads\/2023\/07\/CIRO_Regulated_Dark.png","contentUrl":"https:\/\/sentinelgroup.ca\/wp-content\/uploads\/2023\/07\/CIRO_Regulated_Dark.png"},{"@type":"BreadcrumbList","@id":"https:\/\/sentinelgroup.ca\/fr\/des-produits\/#breadcrumb","itemListElement":[{"@type":"ListItem","position":1,"name":"Home","item":"https:\/\/sentinelgroup.ca\/fr\/accueil\/"},{"@type":"ListItem","position":2,"name":"Des produits"}]},{"@type":"WebSite","@id":"https:\/\/sentinelgroup.ca\/fr\/#website","url":"https:\/\/sentinelgroup.ca\/fr\/","name":"Sentinel Financial Group","description":"Whether you are exploring opportunities for yourself, your family, a small business, or large corporation, Sentinel can lead the way either through insurance, investments or building equity in personal property. Financial security and independence comes only with a sound plan.","publisher":{"@id":"https:\/\/sentinelgroup.ca\/fr\/#organization"},"potentialAction":[{"@type":"SearchAction","target":{"@type":"EntryPoint","urlTemplate":"https:\/\/sentinelgroup.ca\/fr\/?s={search_term_string}"},"query-input":{"@type":"PropertyValueSpecification","valueRequired":true,"valueName":"search_term_string"}}],"inLanguage":"fr-FR"},{"@type":"Organization","@id":"https:\/\/sentinelgroup.ca\/fr\/#organization","name":"Sentinel Financial Group","url":"https:\/\/sentinelgroup.ca\/fr\/","logo":{"@type":"ImageObject","inLanguage":"fr-FR","@id":"https:\/\/sentinelgroup.ca\/fr\/#\/schema\/logo\/image\/","url":"https:\/\/sentinelgroup.ca\/wp-content\/uploads\/2022\/02\/SFG-Logo-500w-e1643753833604.png","contentUrl":"https:\/\/sentinelgroup.ca\/wp-content\/uploads\/2022\/02\/SFG-Logo-500w-e1643753833604.png","width":200,"height":90,"caption":"Sentinel Financial Group"},"image":{"@id":"https:\/\/sentinelgroup.ca\/fr\/#\/schema\/logo\/image\/"},"sameAs":["https:\/\/www.facebook.com\/SentinelFG","https:\/\/x.com\/SentinelFG","https:\/\/www.linkedin.com\/company\/sentinel-financial-group"]}]}},"_links":{"self":[{"href":"https:\/\/sentinelgroup.ca\/fr\/wp-json\/wp\/v2\/pages\/12624","targetHints":{"allow":["GET"]}}],"collection":[{"href":"https:\/\/sentinelgroup.ca\/fr\/wp-json\/wp\/v2\/pages"}],"about":[{"href":"https:\/\/sentinelgroup.ca\/fr\/wp-json\/wp\/v2\/types\/page"}],"author":[{"embeddable":true,"href":"https:\/\/sentinelgroup.ca\/fr\/wp-json\/wp\/v2\/users\/2"}],"replies":[{"embeddable":true,"href":"https:\/\/sentinelgroup.ca\/fr\/wp-json\/wp\/v2\/comments?post=12624"}],"version-history":[{"count":16,"href":"https:\/\/sentinelgroup.ca\/fr\/wp-json\/wp\/v2\/pages\/12624\/revisions"}],"predecessor-version":[{"id":15484,"href":"https:\/\/sentinelgroup.ca\/fr\/wp-json\/wp\/v2\/pages\/12624\/revisions\/15484"}],"wp:attachment":[{"href":"https:\/\/sentinelgroup.ca\/fr\/wp-json\/wp\/v2\/media?parent=12624"}],"curies":[{"name":"wp","href":"https:\/\/api.w.org\/{rel}","templated":true}]}}